{"id":2748,"date":"2024-01-13T20:37:09","date_gmt":"2024-01-13T19:37:09","guid":{"rendered":"https:\/\/bebdental.it\/area-profesional\/contactar\/"},"modified":"2024-01-29T10:52:05","modified_gmt":"2024-01-29T09:52:05","slug":"contactar","status":"publish","type":"page","link":"https:\/\/bebdental.it\/es\/pro\/contactar\/","title":{"rendered":"Contactar"},"content":{"rendered":"\t\t<div data-elementor-type=\"wp-page\" data-elementor-id=\"2748\" class=\"elementor elementor-2748 elementor-777\" data-elementor-post-type=\"page\">\n\t\t\t\t\t\t<section class=\"elementor-section elementor-top-section elementor-element elementor-element-0446a4c elementor-section-full_width elementor-section-height-default elementor-section-height-default\" data-id=\"0446a4c\" data-element_type=\"section\">\n\t\t\t\t\t\t<div class=\"elementor-container elementor-column-gap-default\">\n\t\t\t\t\t<div class=\"elementor-column elementor-col-100 elementor-top-column elementor-element elementor-element-d010322\" data-id=\"d010322\" data-element_type=\"column\">\n\t\t\t<div class=\"elementor-widget-wrap elementor-element-populated\">\n\t\t\t\t\t\t<div class=\"elementor-element elementor-element-168e118 elementor-widget elementor-widget-template\" data-id=\"168e118\" data-element_type=\"widget\" data-widget_type=\"template.default\">\n\t\t\t\t<div class=\"elementor-widget-container\">\n\t\t\t\t\t\t\t<div class=\"elementor-template\">\n\t\t\t\t\t<div data-elementor-type=\"section\" data-elementor-id=\"2518\" class=\"elementor elementor-2518 elementor-81\" data-elementor-post-type=\"elementor_library\">\n\t\t\t\t\t<section class=\"elementor-section elementor-top-section elementor-element elementor-element-5832986 elementor-section-full_width elementor-section-height-min-height elementor-section-height-default elementor-section-items-middle\" data-id=\"5832986\" data-element_type=\"section\" data-settings=\"{&quot;background_background&quot;:&quot;classic&quot;}\">\n\t\t\t\t\t\t<div class=\"elementor-container elementor-column-gap-default\">\n\t\t\t\t\t<div class=\"elementor-column elementor-col-100 elementor-top-column elementor-element elementor-element-484853a\" data-id=\"484853a\" data-element_type=\"column\">\n\t\t\t<div class=\"elementor-widget-wrap elementor-element-populated\">\n\t\t\t\t\t\t<section class=\"elementor-section elementor-inner-section elementor-element elementor-element-2972464 elementor-section-boxed elementor-section-height-default elementor-section-height-default\" data-id=\"2972464\" data-element_type=\"section\">\n\t\t\t\t\t\t<div class=\"elementor-container elementor-column-gap-default\">\n\t\t\t\t\t<div class=\"elementor-column elementor-col-50 elementor-inner-column elementor-element elementor-element-18936a9\" data-id=\"18936a9\" data-element_type=\"column\">\n\t\t\t<div class=\"elementor-widget-wrap elementor-element-populated\">\n\t\t\t\t\t\t<div class=\"elementor-element elementor-element-254914f elementor-widget elementor-widget-heading\" data-id=\"254914f\" data-element_type=\"widget\" data-widget_type=\"heading.default\">\n\t\t\t\t<div class=\"elementor-widget-container\">\n\t\t\t\t\t<h3 class=\"elementor-heading-title elementor-size-default\">\u00bfQUIERES SABER M\u00c1S?<\/h3>\t\t\t\t<\/div>\n\t\t\t\t<\/div>\n\t\t\t\t<div class=\"elementor-element elementor-element-b16da7f elementor-widget elementor-widget-heading\" data-id=\"b16da7f\" data-element_type=\"widget\" data-widget_type=\"heading.default\">\n\t\t\t\t<div class=\"elementor-widget-container\">\n\t\t\t\t\t<h5 class=\"elementor-heading-title elementor-size-default\">\u00a1CONT\u00c1CTANOS!<\/h5>\t\t\t\t<\/div>\n\t\t\t\t<\/div>\n\t\t\t\t\t<\/div>\n\t\t<\/div>\n\t\t\t\t<div class=\"elementor-column elementor-col-50 elementor-inner-column elementor-element elementor-element-2cc28c8\" data-id=\"2cc28c8\" data-element_type=\"column\">\n\t\t\t<div class=\"elementor-widget-wrap elementor-element-populated\">\n\t\t\t\t\t\t<div class=\"elementor-element elementor-element-1a64f6d elementor-align-right elementor-mobile-align-center elementor-widget elementor-widget-button\" data-id=\"1a64f6d\" data-element_type=\"widget\" data-widget_type=\"button.default\">\n\t\t\t\t<div class=\"elementor-widget-container\">\n\t\t\t\t\t\t\t\t\t<div class=\"elementor-button-wrapper\">\n\t\t\t\t\t<a class=\"elementor-button elementor-button-link elementor-size-sm\" href=\"#form\" target=\"_blank\">\n\t\t\t\t\t\t<span class=\"elementor-button-content-wrapper\">\n\t\t\t\t\t\t\t\t\t<span class=\"elementor-button-text\">Contactar <\/span>\n\t\t\t\t\t<\/span>\n\t\t\t\t\t<\/a>\n\t\t\t\t<\/div>\n\t\t\t\t\t\t\t\t<\/div>\n\t\t\t\t<\/div>\n\t\t\t\t<div class=\"elementor-element elementor-element-7854846 elementor-align-right elementor-mobile-align-center elementor-widget elementor-widget-button\" data-id=\"7854846\" data-element_type=\"widget\" data-widget_type=\"button.default\">\n\t\t\t\t<div class=\"elementor-widget-container\">\n\t\t\t\t\t\t\t\t\t<div class=\"elementor-button-wrapper\">\n\t\t\t\t\t<a class=\"elementor-button elementor-button-link elementor-size-sm\" href=\"tel:+39051811375\" target=\"_blank\">\n\t\t\t\t\t\t<span class=\"elementor-button-content-wrapper\">\n\t\t\t\t\t\t\t\t\t<span class=\"elementor-button-text\">+39 051 811375<\/span>\n\t\t\t\t\t<\/span>\n\t\t\t\t\t<\/a>\n\t\t\t\t<\/div>\n\t\t\t\t\t\t\t\t<\/div>\n\t\t\t\t<\/div>\n\t\t\t\t\t<\/div>\n\t\t<\/div>\n\t\t\t\t\t<\/div>\n\t\t<\/section>\n\t\t\t\t\t<\/div>\n\t\t<\/div>\n\t\t\t\t\t<\/div>\n\t\t<\/section>\n\t\t\t\t<\/div>\n\t\t\t\t<\/div>\n\t\t\t\t\t\t<\/div>\n\t\t\t\t<\/div>\n\t\t\t\t\t<\/div>\n\t\t<\/div>\n\t\t\t\t\t<\/div>\n\t\t<\/section>\n\t\t\t\t<section class=\"elementor-section elementor-top-section elementor-element elementor-element-8ccdafe elementor-section-full_width elementor-section-height-default elementor-section-height-default\" data-id=\"8ccdafe\" data-element_type=\"section\">\n\t\t\t\t\t\t<div class=\"elementor-container elementor-column-gap-default\">\n\t\t\t\t\t<div class=\"elementor-column elementor-col-100 elementor-top-column elementor-element elementor-element-b1c4470\" data-id=\"b1c4470\" data-element_type=\"column\">\n\t\t\t<div class=\"elementor-widget-wrap elementor-element-populated\">\n\t\t\t\t\t\t<div class=\"elementor-element elementor-element-3531f61 elementor-widget elementor-widget-template\" data-id=\"3531f61\" data-element_type=\"widget\" data-widget_type=\"template.default\">\n\t\t\t\t<div class=\"elementor-widget-container\">\n\t\t\t\t\t\t\t<div class=\"elementor-template\">\n\t\t\t\t\t<div data-elementor-type=\"section\" data-elementor-id=\"3728\" class=\"elementor elementor-3728 elementor-3725\" data-elementor-post-type=\"elementor_library\">\n\t\t\t\t\t<section class=\"elementor-section elementor-top-section elementor-element elementor-element-5832986 elementor-section-full_width elementor-section-height-min-height elementor-section-height-default elementor-section-items-middle\" data-id=\"5832986\" data-element_type=\"section\" data-settings=\"{&quot;background_background&quot;:&quot;classic&quot;}\">\n\t\t\t\t\t\t<div class=\"elementor-container elementor-column-gap-default\">\n\t\t\t\t\t<div class=\"elementor-column elementor-col-100 elementor-top-column elementor-element elementor-element-484853a\" data-id=\"484853a\" data-element_type=\"column\">\n\t\t\t<div class=\"elementor-widget-wrap elementor-element-populated\">\n\t\t\t\t\t\t<div class=\"elementor-element elementor-element-254914f elementor-widget elementor-widget-heading\" data-id=\"254914f\" data-element_type=\"widget\" data-widget_type=\"heading.default\">\n\t\t\t\t<div class=\"elementor-widget-container\">\n\t\t\t\t\t<h3 class=\"elementor-heading-title elementor-size-default\">Servicio de atenci\u00f3n cl\u00ednica<\/h3>\t\t\t\t<\/div>\n\t\t\t\t<\/div>\n\t\t\t\t<div class=\"elementor-element elementor-element-b16da7f elementor-widget elementor-widget-heading\" data-id=\"b16da7f\" data-element_type=\"widget\" data-widget_type=\"heading.default\">\n\t\t\t\t<div class=\"elementor-widget-container\">\n\t\t\t\t\t<h5 class=\"elementor-heading-title elementor-size-default\">\u00a1CONT\u00c1CTANOS!<\/h5>\t\t\t\t<\/div>\n\t\t\t\t<\/div>\n\t\t\t\t<section class=\"elementor-section elementor-inner-section elementor-element elementor-element-2972464 elementor-section-boxed elementor-section-height-default elementor-section-height-default\" data-id=\"2972464\" data-element_type=\"section\">\n\t\t\t\t\t\t<div class=\"elementor-container elementor-column-gap-default\">\n\t\t\t\t\t<div class=\"elementor-column elementor-col-50 elementor-inner-column elementor-element elementor-element-18936a9\" data-id=\"18936a9\" data-element_type=\"column\">\n\t\t\t<div class=\"elementor-widget-wrap elementor-element-populated\">\n\t\t\t\t\t\t<div class=\"elementor-element elementor-element-1a64f6d elementor-align-right elementor-mobile-align-center elementor-widget elementor-widget-button\" data-id=\"1a64f6d\" data-element_type=\"widget\" data-widget_type=\"button.default\">\n\t\t\t\t<div class=\"elementor-widget-container\">\n\t\t\t\t\t\t\t\t\t<div class=\"elementor-button-wrapper\">\n\t\t\t\t\t<a class=\"elementor-button elementor-button-link elementor-size-sm\" href=\"mailto:c.banzi@bebdental.it?subject=Atenci\u00f3n%20cl\u00ednica%20en%20implantolog\u00eda\" target=\"_blank\">\n\t\t\t\t\t\t<span class=\"elementor-button-content-wrapper\">\n\t\t\t\t\t\t\t\t\t<span class=\"elementor-button-text\">Servicio de atenci\u00f3n cl\u00ednica en implantolog\u00eda<\/span>\n\t\t\t\t\t<\/span>\n\t\t\t\t\t<\/a>\n\t\t\t\t<\/div>\n\t\t\t\t\t\t\t\t<\/div>\n\t\t\t\t<\/div>\n\t\t\t\t\t<\/div>\n\t\t<\/div>\n\t\t\t\t<div class=\"elementor-column elementor-col-50 elementor-inner-column elementor-element elementor-element-2cc28c8\" data-id=\"2cc28c8\" data-element_type=\"column\">\n\t\t\t<div class=\"elementor-widget-wrap elementor-element-populated\">\n\t\t\t\t\t\t<div class=\"elementor-element elementor-element-970dac6 elementor-align-left elementor-mobile-align-center elementor-widget elementor-widget-button\" data-id=\"970dac6\" data-element_type=\"widget\" data-widget_type=\"button.default\">\n\t\t\t\t<div class=\"elementor-widget-container\">\n\t\t\t\t\t\t\t\t\t<div class=\"elementor-button-wrapper\">\n\t\t\t\t\t<a class=\"elementor-button elementor-button-link elementor-size-sm\" href=\"mailto:v.ippolito@hotmail.it?subject=Atenci\u00f3n%20cl\u00ednica%20en%20Medicina%20Est\u00e9tica\" target=\"_blank\">\n\t\t\t\t\t\t<span class=\"elementor-button-content-wrapper\">\n\t\t\t\t\t\t\t\t\t<span class=\"elementor-button-text\">Servicio de atenci\u00f3n cl\u00ednica en Medicina Est\u00e9tica<\/span>\n\t\t\t\t\t<\/span>\n\t\t\t\t\t<\/a>\n\t\t\t\t<\/div>\n\t\t\t\t\t\t\t\t<\/div>\n\t\t\t\t<\/div>\n\t\t\t\t\t<\/div>\n\t\t<\/div>\n\t\t\t\t\t<\/div>\n\t\t<\/section>\n\t\t\t\t\t<\/div>\n\t\t<\/div>\n\t\t\t\t\t<\/div>\n\t\t<\/section>\n\t\t\t\t<\/div>\n\t\t\t\t<\/div>\n\t\t\t\t\t\t<\/div>\n\t\t\t\t<\/div>\n\t\t\t\t\t<\/div>\n\t\t<\/div>\n\t\t\t\t\t<\/div>\n\t\t<\/section>\n\t\t\t\t<\/div>\n\t\t","protected":false},"excerpt":{"rendered":"","protected":false},"author":1,"featured_media":0,"parent":2726,"menu_order":0,"comment_status":"closed","ping_status":"closed","template":"","meta":{"footnotes":""},"class_list":["post-2748","page","type-page","status-publish","hentry"],"yoast_head":"<!-- This site is optimized with the Yoast SEO plugin v24.8.1 - https:\/\/yoast.com\/wordpress\/plugins\/seo\/ -->\n<title>Contacto - \u00c1rea profesional - B&amp;B Dental<\/title>\n<meta name=\"description\" content=\"B&amp;B Dental es una empresa productora de implantes dentales: dise\u00f1o, realizaci\u00f3n y comercializaci\u00f3n de implantes dentales y regeneraci\u00f3n \u00f3sea.\" \/>\n<meta name=\"robots\" content=\"index, follow, max-snippet:-1, max-image-preview:large, max-video-preview:-1\" \/>\n<link rel=\"canonical\" href=\"https:\/\/bebdental.it\/es\/pro\/contactar\/\" \/>\n<meta property=\"og:locale\" content=\"es_ES\" \/>\n<meta property=\"og:type\" content=\"article\" \/>\n<meta property=\"og:title\" content=\"Contacto - \u00c1rea profesional - B&amp;B Dental\" \/>\n<meta property=\"og:description\" content=\"B&amp;B Dental es una empresa productora de implantes dentales: dise\u00f1o, realizaci\u00f3n y comercializaci\u00f3n de implantes dentales y regeneraci\u00f3n \u00f3sea.\" \/>\n<meta property=\"og:url\" content=\"https:\/\/bebdental.it\/es\/pro\/contactar\/\" \/>\n<meta property=\"og:site_name\" content=\"B&amp;B Dental\" \/>\n<meta property=\"article:publisher\" content=\"https:\/\/www.facebook.com\/BeBdentalimplant\" \/>\n<meta property=\"article:modified_time\" content=\"2024-01-29T09:52:05+00:00\" \/>\n<meta property=\"og:image\" content=\"https:\/\/bebdental.it\/wp-content\/uploads\/2023\/12\/home-bg.jpg\" \/>\n\t<meta property=\"og:image:width\" content=\"1920\" \/>\n\t<meta property=\"og:image:height\" content=\"1280\" \/>\n\t<meta property=\"og:image:type\" content=\"image\/jpeg\" \/>\n<meta name=\"twitter:card\" content=\"summary_large_image\" \/>\n<script type=\"application\/ld+json\" class=\"yoast-schema-graph\">{\"@context\":\"https:\/\/schema.org\",\"@graph\":[{\"@type\":\"WebPage\",\"@id\":\"https:\/\/bebdental.it\/es\/pro\/contactar\/\",\"url\":\"https:\/\/bebdental.it\/es\/pro\/contactar\/\",\"name\":\"Contacto - \u00c1rea profesional - B&B Dental\",\"isPartOf\":{\"@id\":\"https:\/\/bebdental.it\/es\/#website\"},\"datePublished\":\"2024-01-13T19:37:09+00:00\",\"dateModified\":\"2024-01-29T09:52:05+00:00\",\"description\":\"B&B Dental es una empresa productora de implantes dentales: dise\u00f1o, realizaci\u00f3n y comercializaci\u00f3n de implantes dentales y regeneraci\u00f3n \u00f3sea.\",\"breadcrumb\":{\"@id\":\"https:\/\/bebdental.it\/es\/pro\/contactar\/#breadcrumb\"},\"inLanguage\":\"es\",\"potentialAction\":[{\"@type\":\"ReadAction\",\"target\":[\"https:\/\/bebdental.it\/es\/pro\/contactar\/\"]}]},{\"@type\":\"BreadcrumbList\",\"@id\":\"https:\/\/bebdental.it\/es\/pro\/contactar\/#breadcrumb\",\"itemListElement\":[{\"@type\":\"ListItem\",\"position\":1,\"name\":\"\u00c1rea profesional\",\"item\":\"https:\/\/bebdental.it\/es\/pro\/\"},{\"@type\":\"ListItem\",\"position\":2,\"name\":\"Contactar\"}]},{\"@type\":\"WebSite\",\"@id\":\"https:\/\/bebdental.it\/es\/#website\",\"url\":\"https:\/\/bebdental.it\/es\/\",\"name\":\"B&B Dental\",\"description\":\"Impianti Dentali e Implantologia | Bologna\",\"publisher\":{\"@id\":\"https:\/\/bebdental.it\/es\/#organization\"},\"alternateName\":\"B&B Dental\",\"potentialAction\":[{\"@type\":\"SearchAction\",\"target\":{\"@type\":\"EntryPoint\",\"urlTemplate\":\"https:\/\/bebdental.it\/es\/?s={search_term_string}\"},\"query-input\":{\"@type\":\"PropertyValueSpecification\",\"valueRequired\":true,\"valueName\":\"search_term_string\"}}],\"inLanguage\":\"es\"},{\"@type\":\"Organization\",\"@id\":\"https:\/\/bebdental.it\/es\/#organization\",\"name\":\"B&B Dental\",\"url\":\"https:\/\/bebdental.it\/es\/\",\"logo\":{\"@type\":\"ImageObject\",\"inLanguage\":\"es\",\"@id\":\"https:\/\/bebdental.it\/es\/#\/schema\/logo\/image\/\",\"url\":\"https:\/\/bebdental.it\/wp-content\/uploads\/2024\/01\/Logo-Black.jpg\",\"contentUrl\":\"https:\/\/bebdental.it\/wp-content\/uploads\/2024\/01\/Logo-Black.jpg\",\"width\":599,\"height\":771,\"caption\":\"B&B Dental\"},\"image\":{\"@id\":\"https:\/\/bebdental.it\/es\/#\/schema\/logo\/image\/\"},\"sameAs\":[\"https:\/\/www.facebook.com\/BeBdentalimplant\",\"https:\/\/www.instagram.com\/beb.dental\/\",\"https:\/\/it.linkedin.com\/company\/b&b-dental\",\"https:\/\/www.youtube.com\/user\/BeBDental\/videos\"]}]}<\/script>\n<!-- \/ Yoast SEO plugin. -->","yoast_head_json":{"title":"Contacto - \u00c1rea profesional - B&B Dental","description":"B&B Dental es una empresa productora de implantes dentales: dise\u00f1o, realizaci\u00f3n y comercializaci\u00f3n de implantes dentales y regeneraci\u00f3n \u00f3sea.","robots":{"index":"index","follow":"follow","max-snippet":"max-snippet:-1","max-image-preview":"max-image-preview:large","max-video-preview":"max-video-preview:-1"},"canonical":"https:\/\/bebdental.it\/es\/pro\/contactar\/","og_locale":"es_ES","og_type":"article","og_title":"Contacto - \u00c1rea profesional - B&B Dental","og_description":"B&B Dental es una empresa productora de implantes dentales: dise\u00f1o, realizaci\u00f3n y comercializaci\u00f3n de implantes dentales y regeneraci\u00f3n \u00f3sea.","og_url":"https:\/\/bebdental.it\/es\/pro\/contactar\/","og_site_name":"B&amp;B Dental","article_publisher":"https:\/\/www.facebook.com\/BeBdentalimplant","article_modified_time":"2024-01-29T09:52:05+00:00","og_image":[{"width":1920,"height":1280,"url":"https:\/\/bebdental.it\/wp-content\/uploads\/2023\/12\/home-bg.jpg","type":"image\/jpeg"}],"twitter_card":"summary_large_image","schema":{"@context":"https:\/\/schema.org","@graph":[{"@type":"WebPage","@id":"https:\/\/bebdental.it\/es\/pro\/contactar\/","url":"https:\/\/bebdental.it\/es\/pro\/contactar\/","name":"Contacto - \u00c1rea profesional - B&B Dental","isPartOf":{"@id":"https:\/\/bebdental.it\/es\/#website"},"datePublished":"2024-01-13T19:37:09+00:00","dateModified":"2024-01-29T09:52:05+00:00","description":"B&B Dental es una empresa productora de implantes dentales: dise\u00f1o, realizaci\u00f3n y comercializaci\u00f3n de implantes dentales y regeneraci\u00f3n \u00f3sea.","breadcrumb":{"@id":"https:\/\/bebdental.it\/es\/pro\/contactar\/#breadcrumb"},"inLanguage":"es","potentialAction":[{"@type":"ReadAction","target":["https:\/\/bebdental.it\/es\/pro\/contactar\/"]}]},{"@type":"BreadcrumbList","@id":"https:\/\/bebdental.it\/es\/pro\/contactar\/#breadcrumb","itemListElement":[{"@type":"ListItem","position":1,"name":"\u00c1rea profesional","item":"https:\/\/bebdental.it\/es\/pro\/"},{"@type":"ListItem","position":2,"name":"Contactar"}]},{"@type":"WebSite","@id":"https:\/\/bebdental.it\/es\/#website","url":"https:\/\/bebdental.it\/es\/","name":"B&B Dental","description":"Impianti Dentali e Implantologia | Bologna","publisher":{"@id":"https:\/\/bebdental.it\/es\/#organization"},"alternateName":"B&B Dental","potentialAction":[{"@type":"SearchAction","target":{"@type":"EntryPoint","urlTemplate":"https:\/\/bebdental.it\/es\/?s={search_term_string}"},"query-input":{"@type":"PropertyValueSpecification","valueRequired":true,"valueName":"search_term_string"}}],"inLanguage":"es"},{"@type":"Organization","@id":"https:\/\/bebdental.it\/es\/#organization","name":"B&B Dental","url":"https:\/\/bebdental.it\/es\/","logo":{"@type":"ImageObject","inLanguage":"es","@id":"https:\/\/bebdental.it\/es\/#\/schema\/logo\/image\/","url":"https:\/\/bebdental.it\/wp-content\/uploads\/2024\/01\/Logo-Black.jpg","contentUrl":"https:\/\/bebdental.it\/wp-content\/uploads\/2024\/01\/Logo-Black.jpg","width":599,"height":771,"caption":"B&B Dental"},"image":{"@id":"https:\/\/bebdental.it\/es\/#\/schema\/logo\/image\/"},"sameAs":["https:\/\/www.facebook.com\/BeBdentalimplant","https:\/\/www.instagram.com\/beb.dental\/","https:\/\/it.linkedin.com\/company\/b&b-dental","https:\/\/www.youtube.com\/user\/BeBDental\/videos"]}]}},"_links":{"self":[{"href":"https:\/\/bebdental.it\/es\/wp-json\/wp\/v2\/pages\/2748","targetHints":{"allow":["GET"]}}],"collection":[{"href":"https:\/\/bebdental.it\/es\/wp-json\/wp\/v2\/pages"}],"about":[{"href":"https:\/\/bebdental.it\/es\/wp-json\/wp\/v2\/types\/page"}],"author":[{"embeddable":true,"href":"https:\/\/bebdental.it\/es\/wp-json\/wp\/v2\/users\/1"}],"replies":[{"embeddable":true,"href":"https:\/\/bebdental.it\/es\/wp-json\/wp\/v2\/comments?post=2748"}],"version-history":[{"count":0,"href":"https:\/\/bebdental.it\/es\/wp-json\/wp\/v2\/pages\/2748\/revisions"}],"up":[{"embeddable":true,"href":"https:\/\/bebdental.it\/es\/wp-json\/wp\/v2\/pages\/2726"}],"wp:attachment":[{"href":"https:\/\/bebdental.it\/es\/wp-json\/wp\/v2\/media?parent=2748"}],"curies":[{"name":"wp","href":"https:\/\/api.w.org\/{rel}","templated":true}]}}