{"id":2848,"date":"2024-01-13T21:24:47","date_gmt":"2024-01-13T20:24:47","guid":{"rendered":"https:\/\/bebdental.it\/area-profesional\/descarga\/catalogo-general\/"},"modified":"2024-06-18T12:09:08","modified_gmt":"2024-06-18T10:09:08","slug":"catalogo-general","status":"publish","type":"page","link":"https:\/\/bebdental.it\/es\/pro\/descarga\/catalogo-general\/","title":{"rendered":"Cat\u00e1logo General"},"content":{"rendered":"\t\t<div data-elementor-type=\"wp-page\" data-elementor-id=\"2848\" class=\"elementor elementor-2848 elementor-871\" data-elementor-post-type=\"page\">\n\t\t\t\t\t\t<section class=\"elementor-section elementor-top-section elementor-element elementor-element-1af7fee elementor-section-boxed elementor-section-height-default elementor-section-height-default\" data-id=\"1af7fee\" data-element_type=\"section\">\n\t\t\t\t\t\t<div class=\"elementor-container elementor-column-gap-default\">\n\t\t\t\t\t<div class=\"elementor-column elementor-col-100 elementor-top-column elementor-element elementor-element-ef57f35\" data-id=\"ef57f35\" data-element_type=\"column\">\n\t\t\t<div class=\"elementor-widget-wrap elementor-element-populated\">\n\t\t\t\t\t\t<div class=\"elementor-element elementor-element-393cc1b elementor-widget elementor-widget-heading\" data-id=\"393cc1b\" data-element_type=\"widget\" data-widget_type=\"heading.default\">\n\t\t\t\t<div class=\"elementor-widget-container\">\n\t\t\t\t\t<h1 class=\"elementor-heading-title elementor-size-default\">DESCARGAR CAT\u00c1LOGO DE PRODUCTOS\nGENERAL<\/h1>\t\t\t\t<\/div>\n\t\t\t\t<\/div>\n\t\t\t\t<section class=\"elementor-section elementor-inner-section elementor-element elementor-element-b1b9ac7 elementor-section-boxed elementor-section-height-default elementor-section-height-default\" data-id=\"b1b9ac7\" data-element_type=\"section\">\n\t\t\t\t\t\t<div class=\"elementor-container elementor-column-gap-default\">\n\t\t\t\t\t<div class=\"elementor-column elementor-col-50 elementor-inner-column elementor-element elementor-element-f9052e5\" data-id=\"f9052e5\" data-element_type=\"column\">\n\t\t\t<div class=\"elementor-widget-wrap elementor-element-populated\">\n\t\t\t\t\t\t<div class=\"elementor-element elementor-element-7119b70 elementor-widget elementor-widget-image\" data-id=\"7119b70\" data-element_type=\"widget\" data-widget_type=\"image.default\">\n\t\t\t\t<div class=\"elementor-widget-container\">\n\t\t\t\t\t\t\t\t\t\t\t\t\t\t\t<img fetchpriority=\"high\" decoding=\"async\" width=\"400\" height=\"566\" src=\"https:\/\/bebdental.it\/wp-content\/uploads\/2024\/01\/copertina-catalogo-IT.jpg\" class=\"attachment-full size-full wp-image-1978\" alt=\"Catalogo Generale\" srcset=\"https:\/\/bebdental.it\/wp-content\/uploads\/2024\/01\/copertina-catalogo-IT.jpg 400w, https:\/\/bebdental.it\/wp-content\/uploads\/2024\/01\/copertina-catalogo-IT-212x300.jpg 212w\" sizes=\"(max-width: 400px) 100vw, 400px\" \/>\t\t\t\t\t\t\t\t\t\t\t\t\t\t\t<\/div>\n\t\t\t\t<\/div>\n\t\t\t\t\t<\/div>\n\t\t<\/div>\n\t\t\t\t<div class=\"elementor-column elementor-col-50 elementor-inner-column elementor-element elementor-element-dd9d049\" data-id=\"dd9d049\" data-element_type=\"column\">\n\t\t\t<div class=\"elementor-widget-wrap elementor-element-populated\">\n\t\t\t\t\t\t<div class=\"elementor-element elementor-element-63039b3 elementor-widget elementor-widget-text-editor\" data-id=\"63039b3\" data-element_type=\"widget\" data-widget_type=\"text-editor.default\">\n\t\t\t\t<div class=\"elementor-widget-container\">\n\t\t\t\t\t\t\t\t\t<p>Rellene el formulario para descargar nuestro cat\u00e1logo gratuito.<\/p>\n\t\t\t\t\t\t\t\t<\/div>\n\t\t\t\t<\/div>\n\t\t\t\t<div class=\"elementor-element elementor-element-e79c0b8 elementor-widget elementor-widget-html\" data-id=\"e79c0b8\" data-element_type=\"widget\" data-widget_type=\"html.default\">\n\t\t\t\t<div class=\"elementor-widget-container\">\n\t\t\t\t\t<script charset=\"utf-8\" type=\"text\/javascript\" src=\"\/\/js.hsforms.net\/forms\/v2.js\"><\/script><script>hbspt.forms.create({\n    region: \"na1\",\n    portalId: \"8923083\",\n    formId: \"238afe4e-b4c1-4e63-bb55-5f275b56d5fa\"\n  });\n<\/script>\t\t\t\t<\/div>\n\t\t\t\t<\/div>\n\t\t\t\t\t<\/div>\n\t\t<\/div>\n\t\t\t\t\t<\/div>\n\t\t<\/section>\n\t\t\t\t\t<\/div>\n\t\t<\/div>\n\t\t\t\t\t<\/div>\n\t\t<\/section>\n\t\t\t\t<section class=\"elementor-section elementor-top-section elementor-element elementor-element-8071cb2 elementor-section-full_width elementor-section-height-default elementor-section-height-default\" data-id=\"8071cb2\" data-element_type=\"section\">\n\t\t\t\t\t\t<div class=\"elementor-container elementor-column-gap-default\">\n\t\t\t\t\t<div class=\"elementor-column elementor-col-100 elementor-top-column elementor-element elementor-element-165f60c\" data-id=\"165f60c\" data-element_type=\"column\">\n\t\t\t<div class=\"elementor-widget-wrap elementor-element-populated\">\n\t\t\t\t\t\t<div class=\"elementor-element elementor-element-17683b0 elementor-widget elementor-widget-template\" data-id=\"17683b0\" data-element_type=\"widget\" data-widget_type=\"template.default\">\n\t\t\t\t<div class=\"elementor-widget-container\">\n\t\t\t\t\t\t\t<div class=\"elementor-template\">\n\t\t\t\t\t<div data-elementor-type=\"section\" data-elementor-id=\"2518\" class=\"elementor elementor-2518 elementor-81\" data-elementor-post-type=\"elementor_library\">\n\t\t\t\t\t<section class=\"elementor-section elementor-top-section elementor-element elementor-element-5832986 elementor-section-full_width elementor-section-height-min-height elementor-section-height-default elementor-section-items-middle\" data-id=\"5832986\" data-element_type=\"section\" data-settings=\"{&quot;background_background&quot;:&quot;classic&quot;}\">\n\t\t\t\t\t\t<div class=\"elementor-container elementor-column-gap-default\">\n\t\t\t\t\t<div class=\"elementor-column elementor-col-100 elementor-top-column elementor-element elementor-element-484853a\" data-id=\"484853a\" data-element_type=\"column\">\n\t\t\t<div class=\"elementor-widget-wrap elementor-element-populated\">\n\t\t\t\t\t\t<section class=\"elementor-section elementor-inner-section elementor-element elementor-element-2972464 elementor-section-boxed elementor-section-height-default elementor-section-height-default\" data-id=\"2972464\" data-element_type=\"section\">\n\t\t\t\t\t\t<div class=\"elementor-container elementor-column-gap-default\">\n\t\t\t\t\t<div class=\"elementor-column elementor-col-50 elementor-inner-column elementor-element elementor-element-18936a9\" data-id=\"18936a9\" data-element_type=\"column\">\n\t\t\t<div class=\"elementor-widget-wrap elementor-element-populated\">\n\t\t\t\t\t\t<div class=\"elementor-element elementor-element-254914f elementor-widget elementor-widget-heading\" data-id=\"254914f\" data-element_type=\"widget\" data-widget_type=\"heading.default\">\n\t\t\t\t<div class=\"elementor-widget-container\">\n\t\t\t\t\t<h3 class=\"elementor-heading-title elementor-size-default\">\u00bfQUIERES SABER M\u00c1S?<\/h3>\t\t\t\t<\/div>\n\t\t\t\t<\/div>\n\t\t\t\t<div class=\"elementor-element elementor-element-b16da7f elementor-widget elementor-widget-heading\" data-id=\"b16da7f\" data-element_type=\"widget\" data-widget_type=\"heading.default\">\n\t\t\t\t<div class=\"elementor-widget-container\">\n\t\t\t\t\t<h5 class=\"elementor-heading-title elementor-size-default\">\u00a1CONT\u00c1CTANOS!<\/h5>\t\t\t\t<\/div>\n\t\t\t\t<\/div>\n\t\t\t\t\t<\/div>\n\t\t<\/div>\n\t\t\t\t<div class=\"elementor-column elementor-col-50 elementor-inner-column elementor-element elementor-element-2cc28c8\" data-id=\"2cc28c8\" data-element_type=\"column\">\n\t\t\t<div class=\"elementor-widget-wrap elementor-element-populated\">\n\t\t\t\t\t\t<div class=\"elementor-element elementor-element-1a64f6d elementor-align-right elementor-mobile-align-center elementor-widget elementor-widget-button\" data-id=\"1a64f6d\" data-element_type=\"widget\" data-widget_type=\"button.default\">\n\t\t\t\t<div class=\"elementor-widget-container\">\n\t\t\t\t\t\t\t\t\t<div class=\"elementor-button-wrapper\">\n\t\t\t\t\t<a class=\"elementor-button elementor-button-link elementor-size-sm\" href=\"#form\" target=\"_blank\">\n\t\t\t\t\t\t<span class=\"elementor-button-content-wrapper\">\n\t\t\t\t\t\t\t\t\t<span class=\"elementor-button-text\">Contactar <\/span>\n\t\t\t\t\t<\/span>\n\t\t\t\t\t<\/a>\n\t\t\t\t<\/div>\n\t\t\t\t\t\t\t\t<\/div>\n\t\t\t\t<\/div>\n\t\t\t\t<div class=\"elementor-element elementor-element-7854846 elementor-align-right elementor-mobile-align-center elementor-widget elementor-widget-button\" data-id=\"7854846\" data-element_type=\"widget\" data-widget_type=\"button.default\">\n\t\t\t\t<div class=\"elementor-widget-container\">\n\t\t\t\t\t\t\t\t\t<div class=\"elementor-button-wrapper\">\n\t\t\t\t\t<a class=\"elementor-button elementor-button-link elementor-size-sm\" href=\"tel:+39051811375\" target=\"_blank\">\n\t\t\t\t\t\t<span class=\"elementor-button-content-wrapper\">\n\t\t\t\t\t\t\t\t\t<span class=\"elementor-button-text\">+39 051 811375<\/span>\n\t\t\t\t\t<\/span>\n\t\t\t\t\t<\/a>\n\t\t\t\t<\/div>\n\t\t\t\t\t\t\t\t<\/div>\n\t\t\t\t<\/div>\n\t\t\t\t\t<\/div>\n\t\t<\/div>\n\t\t\t\t\t<\/div>\n\t\t<\/section>\n\t\t\t\t\t<\/div>\n\t\t<\/div>\n\t\t\t\t\t<\/div>\n\t\t<\/section>\n\t\t\t\t<\/div>\n\t\t\t\t<\/div>\n\t\t\t\t\t\t<\/div>\n\t\t\t\t<\/div>\n\t\t\t\t\t<\/div>\n\t\t<\/div>\n\t\t\t\t\t<\/div>\n\t\t<\/section>\n\t\t\t\t<\/div>\n\t\t","protected":false},"excerpt":{"rendered":"<p>DESCARGAR CAT\u00c1LOGO DE PRODUCTOS GENERAL Rellene el formulario para descargar nuestro cat\u00e1logo gratuito.<\/p>\n","protected":false},"author":1,"featured_media":0,"parent":2826,"menu_order":0,"comment_status":"closed","ping_status":"closed","template":"","meta":{"footnotes":""},"class_list":["post-2848","page","type-page","status-publish","hentry"],"yoast_head":"<!-- This site is optimized with the Yoast SEO plugin v24.8.1 - https:\/\/yoast.com\/wordpress\/plugins\/seo\/ -->\n<title>Descargar Cat\u00e1logo General - Profesionales - B&amp;B Dental<\/title>\n<meta name=\"description\" content=\"Descargue ahora nuestros cat\u00e1logos de producci\u00f3n de implantes dentales B&amp;B Muchos conocimientos y productos para todas las necesidades.\" \/>\n<meta name=\"robots\" content=\"index, follow, max-snippet:-1, max-image-preview:large, max-video-preview:-1\" \/>\n<link rel=\"canonical\" href=\"https:\/\/bebdental.it\/es\/pro\/descarga\/catalogo-general\/\" \/>\n<meta property=\"og:locale\" content=\"es_ES\" \/>\n<meta property=\"og:type\" content=\"article\" \/>\n<meta property=\"og:title\" content=\"Descargar Cat\u00e1logo General - Profesionales - B&amp;B Dental\" \/>\n<meta property=\"og:description\" content=\"Descargue ahora nuestros cat\u00e1logos de producci\u00f3n de implantes dentales B&amp;B Muchos conocimientos y productos para todas las necesidades.\" \/>\n<meta property=\"og:url\" content=\"https:\/\/bebdental.it\/es\/pro\/descarga\/catalogo-general\/\" \/>\n<meta property=\"og:site_name\" content=\"B&amp;B Dental\" \/>\n<meta property=\"article:publisher\" content=\"https:\/\/www.facebook.com\/BeBdentalimplant\" \/>\n<meta property=\"article:modified_time\" content=\"2024-06-18T10:09:08+00:00\" \/>\n<meta property=\"og:image\" content=\"https:\/\/bebdental.it\/wp-content\/uploads\/2024\/01\/copertina-catalogo-IT.jpg\" \/>\n<meta name=\"twitter:card\" content=\"summary_large_image\" \/>\n<script type=\"application\/ld+json\" class=\"yoast-schema-graph\">{\"@context\":\"https:\/\/schema.org\",\"@graph\":[{\"@type\":\"WebPage\",\"@id\":\"https:\/\/bebdental.it\/es\/pro\/descarga\/catalogo-general\/\",\"url\":\"https:\/\/bebdental.it\/es\/pro\/descarga\/catalogo-general\/\",\"name\":\"Descargar Cat\u00e1logo General - Profesionales - B&B Dental\",\"isPartOf\":{\"@id\":\"https:\/\/bebdental.it\/es\/#website\"},\"primaryImageOfPage\":{\"@id\":\"https:\/\/bebdental.it\/es\/pro\/descarga\/catalogo-general\/#primaryimage\"},\"image\":{\"@id\":\"https:\/\/bebdental.it\/es\/pro\/descarga\/catalogo-general\/#primaryimage\"},\"thumbnailUrl\":\"https:\/\/bebdental.it\/wp-content\/uploads\/2024\/01\/copertina-catalogo-IT.jpg\",\"datePublished\":\"2024-01-13T20:24:47+00:00\",\"dateModified\":\"2024-06-18T10:09:08+00:00\",\"description\":\"Descargue ahora nuestros cat\u00e1logos de producci\u00f3n de implantes dentales B&B Muchos conocimientos y productos para todas las necesidades.\",\"breadcrumb\":{\"@id\":\"https:\/\/bebdental.it\/es\/pro\/descarga\/catalogo-general\/#breadcrumb\"},\"inLanguage\":\"es\",\"potentialAction\":[{\"@type\":\"ReadAction\",\"target\":[\"https:\/\/bebdental.it\/es\/pro\/descarga\/catalogo-general\/\"]}]},{\"@type\":\"ImageObject\",\"inLanguage\":\"es\",\"@id\":\"https:\/\/bebdental.it\/es\/pro\/descarga\/catalogo-general\/#primaryimage\",\"url\":\"https:\/\/bebdental.it\/wp-content\/uploads\/2024\/01\/copertina-catalogo-IT.jpg\",\"contentUrl\":\"https:\/\/bebdental.it\/wp-content\/uploads\/2024\/01\/copertina-catalogo-IT.jpg\"},{\"@type\":\"BreadcrumbList\",\"@id\":\"https:\/\/bebdental.it\/es\/pro\/descarga\/catalogo-general\/#breadcrumb\",\"itemListElement\":[{\"@type\":\"ListItem\",\"position\":1,\"name\":\"\u00c1rea profesional\",\"item\":\"https:\/\/bebdental.it\/es\/pro\/\"},{\"@type\":\"ListItem\",\"position\":2,\"name\":\"Descarga\",\"item\":\"https:\/\/bebdental.it\/es\/pro\/download\/\"},{\"@type\":\"ListItem\",\"position\":3,\"name\":\"Cat\u00e1logo General\"}]},{\"@type\":\"WebSite\",\"@id\":\"https:\/\/bebdental.it\/es\/#website\",\"url\":\"https:\/\/bebdental.it\/es\/\",\"name\":\"B&B Dental\",\"description\":\"Impianti Dentali e Implantologia | Bologna\",\"publisher\":{\"@id\":\"https:\/\/bebdental.it\/es\/#organization\"},\"alternateName\":\"B&B Dental\",\"potentialAction\":[{\"@type\":\"SearchAction\",\"target\":{\"@type\":\"EntryPoint\",\"urlTemplate\":\"https:\/\/bebdental.it\/es\/?s={search_term_string}\"},\"query-input\":{\"@type\":\"PropertyValueSpecification\",\"valueRequired\":true,\"valueName\":\"search_term_string\"}}],\"inLanguage\":\"es\"},{\"@type\":\"Organization\",\"@id\":\"https:\/\/bebdental.it\/es\/#organization\",\"name\":\"B&B Dental\",\"url\":\"https:\/\/bebdental.it\/es\/\",\"logo\":{\"@type\":\"ImageObject\",\"inLanguage\":\"es\",\"@id\":\"https:\/\/bebdental.it\/es\/#\/schema\/logo\/image\/\",\"url\":\"https:\/\/bebdental.it\/wp-content\/uploads\/2024\/01\/Logo-Black.jpg\",\"contentUrl\":\"https:\/\/bebdental.it\/wp-content\/uploads\/2024\/01\/Logo-Black.jpg\",\"width\":599,\"height\":771,\"caption\":\"B&B Dental\"},\"image\":{\"@id\":\"https:\/\/bebdental.it\/es\/#\/schema\/logo\/image\/\"},\"sameAs\":[\"https:\/\/www.facebook.com\/BeBdentalimplant\",\"https:\/\/www.instagram.com\/beb.dental\/\",\"https:\/\/it.linkedin.com\/company\/b&b-dental\",\"https:\/\/www.youtube.com\/user\/BeBDental\/videos\"]}]}<\/script>\n<!-- \/ Yoast SEO plugin. -->","yoast_head_json":{"title":"Descargar Cat\u00e1logo General - Profesionales - B&B Dental","description":"Descargue ahora nuestros cat\u00e1logos de producci\u00f3n de implantes dentales B&B Muchos conocimientos y productos para todas las necesidades.","robots":{"index":"index","follow":"follow","max-snippet":"max-snippet:-1","max-image-preview":"max-image-preview:large","max-video-preview":"max-video-preview:-1"},"canonical":"https:\/\/bebdental.it\/es\/pro\/descarga\/catalogo-general\/","og_locale":"es_ES","og_type":"article","og_title":"Descargar Cat\u00e1logo General - Profesionales - B&B Dental","og_description":"Descargue ahora nuestros cat\u00e1logos de producci\u00f3n de implantes dentales B&B Muchos conocimientos y productos para todas las necesidades.","og_url":"https:\/\/bebdental.it\/es\/pro\/descarga\/catalogo-general\/","og_site_name":"B&amp;B Dental","article_publisher":"https:\/\/www.facebook.com\/BeBdentalimplant","article_modified_time":"2024-06-18T10:09:08+00:00","og_image":[{"url":"https:\/\/bebdental.it\/wp-content\/uploads\/2024\/01\/copertina-catalogo-IT.jpg","type":"","width":"","height":""}],"twitter_card":"summary_large_image","schema":{"@context":"https:\/\/schema.org","@graph":[{"@type":"WebPage","@id":"https:\/\/bebdental.it\/es\/pro\/descarga\/catalogo-general\/","url":"https:\/\/bebdental.it\/es\/pro\/descarga\/catalogo-general\/","name":"Descargar Cat\u00e1logo General - Profesionales - B&B Dental","isPartOf":{"@id":"https:\/\/bebdental.it\/es\/#website"},"primaryImageOfPage":{"@id":"https:\/\/bebdental.it\/es\/pro\/descarga\/catalogo-general\/#primaryimage"},"image":{"@id":"https:\/\/bebdental.it\/es\/pro\/descarga\/catalogo-general\/#primaryimage"},"thumbnailUrl":"https:\/\/bebdental.it\/wp-content\/uploads\/2024\/01\/copertina-catalogo-IT.jpg","datePublished":"2024-01-13T20:24:47+00:00","dateModified":"2024-06-18T10:09:08+00:00","description":"Descargue ahora nuestros cat\u00e1logos de producci\u00f3n de implantes dentales B&B Muchos conocimientos y productos para todas las necesidades.","breadcrumb":{"@id":"https:\/\/bebdental.it\/es\/pro\/descarga\/catalogo-general\/#breadcrumb"},"inLanguage":"es","potentialAction":[{"@type":"ReadAction","target":["https:\/\/bebdental.it\/es\/pro\/descarga\/catalogo-general\/"]}]},{"@type":"ImageObject","inLanguage":"es","@id":"https:\/\/bebdental.it\/es\/pro\/descarga\/catalogo-general\/#primaryimage","url":"https:\/\/bebdental.it\/wp-content\/uploads\/2024\/01\/copertina-catalogo-IT.jpg","contentUrl":"https:\/\/bebdental.it\/wp-content\/uploads\/2024\/01\/copertina-catalogo-IT.jpg"},{"@type":"BreadcrumbList","@id":"https:\/\/bebdental.it\/es\/pro\/descarga\/catalogo-general\/#breadcrumb","itemListElement":[{"@type":"ListItem","position":1,"name":"\u00c1rea profesional","item":"https:\/\/bebdental.it\/es\/pro\/"},{"@type":"ListItem","position":2,"name":"Descarga","item":"https:\/\/bebdental.it\/es\/pro\/download\/"},{"@type":"ListItem","position":3,"name":"Cat\u00e1logo General"}]},{"@type":"WebSite","@id":"https:\/\/bebdental.it\/es\/#website","url":"https:\/\/bebdental.it\/es\/","name":"B&B Dental","description":"Impianti Dentali e Implantologia | Bologna","publisher":{"@id":"https:\/\/bebdental.it\/es\/#organization"},"alternateName":"B&B Dental","potentialAction":[{"@type":"SearchAction","target":{"@type":"EntryPoint","urlTemplate":"https:\/\/bebdental.it\/es\/?s={search_term_string}"},"query-input":{"@type":"PropertyValueSpecification","valueRequired":true,"valueName":"search_term_string"}}],"inLanguage":"es"},{"@type":"Organization","@id":"https:\/\/bebdental.it\/es\/#organization","name":"B&B Dental","url":"https:\/\/bebdental.it\/es\/","logo":{"@type":"ImageObject","inLanguage":"es","@id":"https:\/\/bebdental.it\/es\/#\/schema\/logo\/image\/","url":"https:\/\/bebdental.it\/wp-content\/uploads\/2024\/01\/Logo-Black.jpg","contentUrl":"https:\/\/bebdental.it\/wp-content\/uploads\/2024\/01\/Logo-Black.jpg","width":599,"height":771,"caption":"B&B Dental"},"image":{"@id":"https:\/\/bebdental.it\/es\/#\/schema\/logo\/image\/"},"sameAs":["https:\/\/www.facebook.com\/BeBdentalimplant","https:\/\/www.instagram.com\/beb.dental\/","https:\/\/it.linkedin.com\/company\/b&b-dental","https:\/\/www.youtube.com\/user\/BeBDental\/videos"]}]}},"_links":{"self":[{"href":"https:\/\/bebdental.it\/es\/wp-json\/wp\/v2\/pages\/2848","targetHints":{"allow":["GET"]}}],"collection":[{"href":"https:\/\/bebdental.it\/es\/wp-json\/wp\/v2\/pages"}],"about":[{"href":"https:\/\/bebdental.it\/es\/wp-json\/wp\/v2\/types\/page"}],"author":[{"embeddable":true,"href":"https:\/\/bebdental.it\/es\/wp-json\/wp\/v2\/users\/1"}],"replies":[{"embeddable":true,"href":"https:\/\/bebdental.it\/es\/wp-json\/wp\/v2\/comments?post=2848"}],"version-history":[{"count":0,"href":"https:\/\/bebdental.it\/es\/wp-json\/wp\/v2\/pages\/2848\/revisions"}],"up":[{"embeddable":true,"href":"https:\/\/bebdental.it\/es\/wp-json\/wp\/v2\/pages\/2826"}],"wp:attachment":[{"href":"https:\/\/bebdental.it\/es\/wp-json\/wp\/v2\/media?parent=2848"}],"curies":[{"name":"wp","href":"https:\/\/api.w.org\/{rel}","templated":true}]}}