{"id":3078,"date":"2024-01-13T21:47:25","date_gmt":"2024-01-13T20:47:25","guid":{"rendered":"https:\/\/bebdental.it\/area-profesional\/literatura\/literatura-login\/"},"modified":"2024-01-26T12:51:58","modified_gmt":"2024-01-26T11:51:58","slug":"literatura-login","status":"publish","type":"page","link":"https:\/\/bebdental.it\/es\/pro\/literatura\/literatura-login\/","title":{"rendered":"Literatura Login"},"content":{"rendered":"\t\t<div data-elementor-type=\"wp-page\" data-elementor-id=\"3078\" class=\"elementor elementor-3078 elementor-920\" data-elementor-post-type=\"page\">\n\t\t\t\t\t\t<section class=\"elementor-section elementor-top-section elementor-element elementor-element-1af7fee elementor-section-height-min-height elementor-section-boxed elementor-section-height-default elementor-section-items-middle\" data-id=\"1af7fee\" data-element_type=\"section\">\n\t\t\t\t\t\t<div class=\"elementor-container elementor-column-gap-default\">\n\t\t\t\t\t<div class=\"elementor-column elementor-col-100 elementor-top-column elementor-element elementor-element-ef57f35\" data-id=\"ef57f35\" data-element_type=\"column\">\n\t\t\t<div class=\"elementor-widget-wrap elementor-element-populated\">\n\t\t\t\t\t\t<div class=\"elementor-element elementor-element-393cc1b elementor-widget elementor-widget-heading\" data-id=\"393cc1b\" data-element_type=\"widget\" data-widget_type=\"heading.default\">\n\t\t\t\t<div class=\"elementor-widget-container\">\n\t\t\t\t\t<h2 class=\"elementor-heading-title elementor-size-default\">ESCRIBA SU CORREO ELECTR\u00d3NICO\nE INICIE SESI\u00d3N EN EL \u00c1REA DE LITERATURA<\/h2>\t\t\t\t<\/div>\n\t\t\t\t<\/div>\n\t\t\t\t<section class=\"elementor-section elementor-inner-section elementor-element elementor-element-b1b9ac7 elementor-section-boxed elementor-section-height-default elementor-section-height-default\" data-id=\"b1b9ac7\" data-element_type=\"section\">\n\t\t\t\t\t\t<div class=\"elementor-container elementor-column-gap-default\">\n\t\t\t\t\t<div class=\"elementor-column elementor-col-33 elementor-inner-column elementor-element elementor-element-dd9d049\" data-id=\"dd9d049\" data-element_type=\"column\">\n\t\t\t<div class=\"elementor-widget-wrap\">\n\t\t\t\t\t\t\t<\/div>\n\t\t<\/div>\n\t\t\t\t<div class=\"elementor-column elementor-col-33 elementor-inner-column elementor-element elementor-element-2e1c3d2\" data-id=\"2e1c3d2\" data-element_type=\"column\">\n\t\t\t<div class=\"elementor-widget-wrap elementor-element-populated\">\n\t\t\t\t\t\t<div class=\"elementor-element elementor-element-dff4f68 premium-cf7-button-fwidth-yes elementor-widget elementor-widget-premium-contact-form\" data-id=\"dff4f68\" data-element_type=\"widget\" data-widget_type=\"premium-contact-form.default\">\n\t\t\t\t<div class=\"elementor-widget-container\">\n\t\t\t\t\t\n\t\t\t\n\t\t\t<div class=\"premium-cf7-container\">\n\t\t\t\t\n<div class=\"wpcf7 no-js\" id=\"wpcf7-f3584-o1\" lang=\"it-IT\" dir=\"ltr\" data-wpcf7-id=\"3584\">\n<div class=\"screen-reader-response\"><p role=\"status\" aria-live=\"polite\" aria-atomic=\"true\"><\/p> <ul><\/ul><\/div>\n<form action=\"\/es\/wp-json\/wp\/v2\/pages\/3078#wpcf7-f3584-o1\" method=\"post\" class=\"wpcf7-form init\" aria-label=\"Modulo di contatto\" novalidate=\"novalidate\" data-status=\"init\">\n<div style=\"display: none;\">\n<input type=\"hidden\" name=\"_wpcf7\" value=\"3584\" \/>\n<input type=\"hidden\" name=\"_wpcf7_version\" value=\"6.0.5\" \/>\n<input type=\"hidden\" name=\"_wpcf7_locale\" value=\"it_IT\" \/>\n<input type=\"hidden\" name=\"_wpcf7_unit_tag\" value=\"wpcf7-f3584-o1\" \/>\n<input type=\"hidden\" name=\"_wpcf7_container_post\" value=\"0\" \/>\n<input type=\"hidden\" name=\"_wpcf7_posted_data_hash\" value=\"\" \/>\n<\/div>\n<p><script>\ndocument.addEventListener( 'wpcf7mailsent', function( event ) {\n location = 'https:\/\/bebdental.it\/es\/pro\/literatura\/';\n}, false );\n<\/script>\n<\/p>\n<div id=\"responsive-form\" class=\"clearfix\">\n\t<div class=\"form-row\">\n\t\t<div class=\"column-full\">\n\t\t\t<p>Email * <span class=\"wpcf7-form-control-wrap\" data-name=\"your-email\"><input size=\"40\" maxlength=\"400\" class=\"wpcf7-form-control wpcf7-email wpcf7-validates-as-required wpcf7-text wpcf7-validates-as-email\" aria-required=\"true\" aria-invalid=\"false\" value=\"\" type=\"email\" name=\"your-email\" \/><\/span>\n\t\t\t<\/p>\n\t\t<\/div>\n\t<\/div>\n\t<p><span class=\"wpcf7-form-control-wrap\" data-name=\"acceptance-730\"><span class=\"wpcf7-form-control wpcf7-acceptance optional\"><span class=\"wpcf7-list-item\"><input type=\"checkbox\" name=\"acceptance-730\" value=\"1\" aria-invalid=\"false\" \/><\/span><\/span><\/span>Declaro que he le\u00eddo la Pol\u00edtica de Privacidad y doy mi consentimiento para el Tratamiento de Datos Personales de conformidad con los art\u00edculos 13-14 del GDPR ''2016\/679''. - Leer la pol\u00edtica de privacidad\n\t<\/p>\n\t<p><input class=\"wpcf7-form-control wpcf7-submit has-spinner\" type=\"submit\" value=\"ENVIAR\" \/>\n\t<\/p>\n<\/div><div class=\"wpcf7-response-output\" aria-hidden=\"true\"><\/div>\n<\/form>\n<\/div>\n\t\t\t<\/div>\n\n\t\t\t\t\t\t\t<\/div>\n\t\t\t\t<\/div>\n\t\t\t\t\t<\/div>\n\t\t<\/div>\n\t\t\t\t<div class=\"elementor-column elementor-col-33 elementor-inner-column elementor-element elementor-element-3b1f740\" data-id=\"3b1f740\" data-element_type=\"column\">\n\t\t\t<div class=\"elementor-widget-wrap\">\n\t\t\t\t\t\t\t<\/div>\n\t\t<\/div>\n\t\t\t\t\t<\/div>\n\t\t<\/section>\n\t\t\t\t\t<\/div>\n\t\t<\/div>\n\t\t\t\t\t<\/div>\n\t\t<\/section>\n\t\t\t\t<section class=\"elementor-section elementor-top-section elementor-element elementor-element-8071cb2 elementor-section-full_width elementor-section-height-default elementor-section-height-default\" data-id=\"8071cb2\" data-element_type=\"section\">\n\t\t\t\t\t\t<div class=\"elementor-container elementor-column-gap-default\">\n\t\t\t\t\t<div class=\"elementor-column elementor-col-100 elementor-top-column elementor-element elementor-element-165f60c\" data-id=\"165f60c\" data-element_type=\"column\">\n\t\t\t<div class=\"elementor-widget-wrap elementor-element-populated\">\n\t\t\t\t\t\t<div class=\"elementor-element elementor-element-17683b0 elementor-widget elementor-widget-template\" data-id=\"17683b0\" data-element_type=\"widget\" data-widget_type=\"template.default\">\n\t\t\t\t<div class=\"elementor-widget-container\">\n\t\t\t\t\t\t\t<div class=\"elementor-template\">\n\t\t\t\t\t<div data-elementor-type=\"section\" data-elementor-id=\"2518\" class=\"elementor elementor-2518 elementor-81\" data-elementor-post-type=\"elementor_library\">\n\t\t\t\t\t<section class=\"elementor-section elementor-top-section elementor-element elementor-element-5832986 elementor-section-full_width elementor-section-height-min-height elementor-section-height-default elementor-section-items-middle\" data-id=\"5832986\" data-element_type=\"section\" data-settings=\"{&quot;background_background&quot;:&quot;classic&quot;}\">\n\t\t\t\t\t\t<div class=\"elementor-container elementor-column-gap-default\">\n\t\t\t\t\t<div class=\"elementor-column elementor-col-100 elementor-top-column elementor-element elementor-element-484853a\" data-id=\"484853a\" data-element_type=\"column\">\n\t\t\t<div class=\"elementor-widget-wrap elementor-element-populated\">\n\t\t\t\t\t\t<section class=\"elementor-section elementor-inner-section elementor-element elementor-element-2972464 elementor-section-boxed elementor-section-height-default elementor-section-height-default\" data-id=\"2972464\" data-element_type=\"section\">\n\t\t\t\t\t\t<div class=\"elementor-container elementor-column-gap-default\">\n\t\t\t\t\t<div class=\"elementor-column elementor-col-50 elementor-inner-column elementor-element elementor-element-18936a9\" data-id=\"18936a9\" data-element_type=\"column\">\n\t\t\t<div class=\"elementor-widget-wrap elementor-element-populated\">\n\t\t\t\t\t\t<div class=\"elementor-element elementor-element-254914f elementor-widget elementor-widget-heading\" data-id=\"254914f\" data-element_type=\"widget\" data-widget_type=\"heading.default\">\n\t\t\t\t<div class=\"elementor-widget-container\">\n\t\t\t\t\t<h3 class=\"elementor-heading-title elementor-size-default\">\u00bfQUIERES SABER M\u00c1S?<\/h3>\t\t\t\t<\/div>\n\t\t\t\t<\/div>\n\t\t\t\t<div class=\"elementor-element elementor-element-b16da7f elementor-widget elementor-widget-heading\" data-id=\"b16da7f\" data-element_type=\"widget\" data-widget_type=\"heading.default\">\n\t\t\t\t<div class=\"elementor-widget-container\">\n\t\t\t\t\t<h5 class=\"elementor-heading-title elementor-size-default\">\u00a1CONT\u00c1CTANOS!<\/h5>\t\t\t\t<\/div>\n\t\t\t\t<\/div>\n\t\t\t\t\t<\/div>\n\t\t<\/div>\n\t\t\t\t<div class=\"elementor-column elementor-col-50 elementor-inner-column elementor-element elementor-element-2cc28c8\" data-id=\"2cc28c8\" data-element_type=\"column\">\n\t\t\t<div class=\"elementor-widget-wrap elementor-element-populated\">\n\t\t\t\t\t\t<div class=\"elementor-element elementor-element-1a64f6d elementor-align-right elementor-mobile-align-center elementor-widget elementor-widget-button\" data-id=\"1a64f6d\" data-element_type=\"widget\" data-widget_type=\"button.default\">\n\t\t\t\t<div class=\"elementor-widget-container\">\n\t\t\t\t\t\t\t\t\t<div class=\"elementor-button-wrapper\">\n\t\t\t\t\t<a class=\"elementor-button elementor-button-link elementor-size-sm\" href=\"#form\" target=\"_blank\">\n\t\t\t\t\t\t<span class=\"elementor-button-content-wrapper\">\n\t\t\t\t\t\t\t\t\t<span class=\"elementor-button-text\">Contactar <\/span>\n\t\t\t\t\t<\/span>\n\t\t\t\t\t<\/a>\n\t\t\t\t<\/div>\n\t\t\t\t\t\t\t\t<\/div>\n\t\t\t\t<\/div>\n\t\t\t\t<div class=\"elementor-element elementor-element-7854846 elementor-align-right elementor-mobile-align-center elementor-widget elementor-widget-button\" data-id=\"7854846\" data-element_type=\"widget\" data-widget_type=\"button.default\">\n\t\t\t\t<div class=\"elementor-widget-container\">\n\t\t\t\t\t\t\t\t\t<div class=\"elementor-button-wrapper\">\n\t\t\t\t\t<a class=\"elementor-button elementor-button-link elementor-size-sm\" href=\"tel:+39051811375\" target=\"_blank\">\n\t\t\t\t\t\t<span class=\"elementor-button-content-wrapper\">\n\t\t\t\t\t\t\t\t\t<span class=\"elementor-button-text\">+39 051 811375<\/span>\n\t\t\t\t\t<\/span>\n\t\t\t\t\t<\/a>\n\t\t\t\t<\/div>\n\t\t\t\t\t\t\t\t<\/div>\n\t\t\t\t<\/div>\n\t\t\t\t\t<\/div>\n\t\t<\/div>\n\t\t\t\t\t<\/div>\n\t\t<\/section>\n\t\t\t\t\t<\/div>\n\t\t<\/div>\n\t\t\t\t\t<\/div>\n\t\t<\/section>\n\t\t\t\t<\/div>\n\t\t\t\t<\/div>\n\t\t\t\t\t\t<\/div>\n\t\t\t\t<\/div>\n\t\t\t\t\t<\/div>\n\t\t<\/div>\n\t\t\t\t\t<\/div>\n\t\t<\/section>\n\t\t\t\t<\/div>\n\t\t","protected":false},"excerpt":{"rendered":"<p>ESCRIBA SU CORREO ELECTR\u00d3NICO E INICIE SESI\u00d3N EN EL \u00c1REA DE LITERATURA Email * Dichiaro di aver preso visione alla informativa sulla Privacy e acconsento al Trattamento dei Dati personali ai sensi degli articoli 13-14 del GDPR \u00bb2016\/679\u00bb. &#8211; Leggi Informativa Privacy<\/p>\n","protected":false},"author":1,"featured_media":0,"parent":3072,"menu_order":0,"comment_status":"closed","ping_status":"closed","template":"","meta":{"footnotes":""},"class_list":["post-3078","page","type-page","status-publish","hentry"],"yoast_head":"<!-- This site is optimized with the Yoast SEO plugin v24.8.1 - https:\/\/yoast.com\/wordpress\/plugins\/seo\/ -->\n<title>Literatura Login - Profesionales - B&amp;B Dental<\/title>\n<meta name=\"description\" content=\"\u00a1Lea la literatura y consulte los nuevos art\u00edculos cient\u00edficos sobre implantolog\u00eda escritos por nuestros clientes e investigadores!\" \/>\n<meta name=\"robots\" content=\"index, follow, max-snippet:-1, max-image-preview:large, max-video-preview:-1\" \/>\n<link rel=\"canonical\" href=\"https:\/\/bebdental.it\/es\/pro\/literatura\/literatura-login\/\" \/>\n<meta property=\"og:locale\" content=\"es_ES\" \/>\n<meta property=\"og:type\" content=\"article\" \/>\n<meta property=\"og:title\" content=\"Literatura Login - Profesionales - B&amp;B Dental\" \/>\n<meta property=\"og:description\" content=\"\u00a1Lea la literatura y consulte los nuevos art\u00edculos cient\u00edficos sobre implantolog\u00eda escritos por nuestros clientes e investigadores!\" \/>\n<meta property=\"og:url\" content=\"https:\/\/bebdental.it\/es\/pro\/literatura\/literatura-login\/\" \/>\n<meta property=\"og:site_name\" content=\"B&amp;B Dental\" \/>\n<meta property=\"article:publisher\" content=\"https:\/\/www.facebook.com\/BeBdentalimplant\" \/>\n<meta property=\"article:modified_time\" content=\"2024-01-26T11:51:58+00:00\" \/>\n<meta property=\"og:image\" content=\"https:\/\/bebdental.it\/wp-content\/uploads\/2023\/12\/home-bg.jpg\" \/>\n\t<meta property=\"og:image:width\" content=\"1920\" \/>\n\t<meta property=\"og:image:height\" content=\"1280\" \/>\n\t<meta property=\"og:image:type\" content=\"image\/jpeg\" \/>\n<meta name=\"twitter:card\" content=\"summary_large_image\" \/>\n<meta name=\"twitter:label1\" content=\"Tiempo de lectura\" \/>\n\t<meta name=\"twitter:data1\" content=\"1 minuto\" \/>\n<script type=\"application\/ld+json\" class=\"yoast-schema-graph\">{\"@context\":\"https:\/\/schema.org\",\"@graph\":[{\"@type\":\"WebPage\",\"@id\":\"https:\/\/bebdental.it\/es\/pro\/literatura\/literatura-login\/\",\"url\":\"https:\/\/bebdental.it\/es\/pro\/literatura\/literatura-login\/\",\"name\":\"Literatura Login - Profesionales - B&B Dental\",\"isPartOf\":{\"@id\":\"https:\/\/bebdental.it\/es\/#website\"},\"datePublished\":\"2024-01-13T20:47:25+00:00\",\"dateModified\":\"2024-01-26T11:51:58+00:00\",\"description\":\"\u00a1Lea la literatura y consulte los nuevos art\u00edculos cient\u00edficos sobre implantolog\u00eda escritos por nuestros clientes e investigadores!\",\"breadcrumb\":{\"@id\":\"https:\/\/bebdental.it\/es\/pro\/literatura\/literatura-login\/#breadcrumb\"},\"inLanguage\":\"es\",\"potentialAction\":[{\"@type\":\"ReadAction\",\"target\":[\"https:\/\/bebdental.it\/es\/pro\/literatura\/literatura-login\/\"]}]},{\"@type\":\"BreadcrumbList\",\"@id\":\"https:\/\/bebdental.it\/es\/pro\/literatura\/literatura-login\/#breadcrumb\",\"itemListElement\":[{\"@type\":\"ListItem\",\"position\":1,\"name\":\"\u00c1rea profesional\",\"item\":\"https:\/\/bebdental.it\/es\/pro\/\"},{\"@type\":\"ListItem\",\"position\":2,\"name\":\"Literatura\",\"item\":\"https:\/\/bebdental.it\/es\/pro\/literatura\/\"},{\"@type\":\"ListItem\",\"position\":3,\"name\":\"Literatura Login\"}]},{\"@type\":\"WebSite\",\"@id\":\"https:\/\/bebdental.it\/es\/#website\",\"url\":\"https:\/\/bebdental.it\/es\/\",\"name\":\"B&B Dental\",\"description\":\"Impianti Dentali e Implantologia | Bologna\",\"publisher\":{\"@id\":\"https:\/\/bebdental.it\/es\/#organization\"},\"alternateName\":\"B&B Dental\",\"potentialAction\":[{\"@type\":\"SearchAction\",\"target\":{\"@type\":\"EntryPoint\",\"urlTemplate\":\"https:\/\/bebdental.it\/es\/?s={search_term_string}\"},\"query-input\":{\"@type\":\"PropertyValueSpecification\",\"valueRequired\":true,\"valueName\":\"search_term_string\"}}],\"inLanguage\":\"es\"},{\"@type\":\"Organization\",\"@id\":\"https:\/\/bebdental.it\/es\/#organization\",\"name\":\"B&B Dental\",\"url\":\"https:\/\/bebdental.it\/es\/\",\"logo\":{\"@type\":\"ImageObject\",\"inLanguage\":\"es\",\"@id\":\"https:\/\/bebdental.it\/es\/#\/schema\/logo\/image\/\",\"url\":\"https:\/\/bebdental.it\/wp-content\/uploads\/2024\/01\/Logo-Black.jpg\",\"contentUrl\":\"https:\/\/bebdental.it\/wp-content\/uploads\/2024\/01\/Logo-Black.jpg\",\"width\":599,\"height\":771,\"caption\":\"B&B Dental\"},\"image\":{\"@id\":\"https:\/\/bebdental.it\/es\/#\/schema\/logo\/image\/\"},\"sameAs\":[\"https:\/\/www.facebook.com\/BeBdentalimplant\",\"https:\/\/www.instagram.com\/beb.dental\/\",\"https:\/\/it.linkedin.com\/company\/b&b-dental\",\"https:\/\/www.youtube.com\/user\/BeBDental\/videos\"]}]}<\/script>\n<!-- \/ Yoast SEO plugin. -->","yoast_head_json":{"title":"Literatura Login - Profesionales - B&B Dental","description":"\u00a1Lea la literatura y consulte los nuevos art\u00edculos cient\u00edficos sobre implantolog\u00eda escritos por nuestros clientes e investigadores!","robots":{"index":"index","follow":"follow","max-snippet":"max-snippet:-1","max-image-preview":"max-image-preview:large","max-video-preview":"max-video-preview:-1"},"canonical":"https:\/\/bebdental.it\/es\/pro\/literatura\/literatura-login\/","og_locale":"es_ES","og_type":"article","og_title":"Literatura Login - Profesionales - B&B Dental","og_description":"\u00a1Lea la literatura y consulte los nuevos art\u00edculos cient\u00edficos sobre implantolog\u00eda escritos por nuestros clientes e investigadores!","og_url":"https:\/\/bebdental.it\/es\/pro\/literatura\/literatura-login\/","og_site_name":"B&amp;B Dental","article_publisher":"https:\/\/www.facebook.com\/BeBdentalimplant","article_modified_time":"2024-01-26T11:51:58+00:00","og_image":[{"width":1920,"height":1280,"url":"https:\/\/bebdental.it\/wp-content\/uploads\/2023\/12\/home-bg.jpg","type":"image\/jpeg"}],"twitter_card":"summary_large_image","twitter_misc":{"Tiempo de lectura":"1 minuto"},"schema":{"@context":"https:\/\/schema.org","@graph":[{"@type":"WebPage","@id":"https:\/\/bebdental.it\/es\/pro\/literatura\/literatura-login\/","url":"https:\/\/bebdental.it\/es\/pro\/literatura\/literatura-login\/","name":"Literatura Login - Profesionales - B&B Dental","isPartOf":{"@id":"https:\/\/bebdental.it\/es\/#website"},"datePublished":"2024-01-13T20:47:25+00:00","dateModified":"2024-01-26T11:51:58+00:00","description":"\u00a1Lea la literatura y consulte los nuevos art\u00edculos cient\u00edficos sobre implantolog\u00eda escritos por nuestros clientes e investigadores!","breadcrumb":{"@id":"https:\/\/bebdental.it\/es\/pro\/literatura\/literatura-login\/#breadcrumb"},"inLanguage":"es","potentialAction":[{"@type":"ReadAction","target":["https:\/\/bebdental.it\/es\/pro\/literatura\/literatura-login\/"]}]},{"@type":"BreadcrumbList","@id":"https:\/\/bebdental.it\/es\/pro\/literatura\/literatura-login\/#breadcrumb","itemListElement":[{"@type":"ListItem","position":1,"name":"\u00c1rea profesional","item":"https:\/\/bebdental.it\/es\/pro\/"},{"@type":"ListItem","position":2,"name":"Literatura","item":"https:\/\/bebdental.it\/es\/pro\/literatura\/"},{"@type":"ListItem","position":3,"name":"Literatura Login"}]},{"@type":"WebSite","@id":"https:\/\/bebdental.it\/es\/#website","url":"https:\/\/bebdental.it\/es\/","name":"B&B Dental","description":"Impianti Dentali e Implantologia | Bologna","publisher":{"@id":"https:\/\/bebdental.it\/es\/#organization"},"alternateName":"B&B Dental","potentialAction":[{"@type":"SearchAction","target":{"@type":"EntryPoint","urlTemplate":"https:\/\/bebdental.it\/es\/?s={search_term_string}"},"query-input":{"@type":"PropertyValueSpecification","valueRequired":true,"valueName":"search_term_string"}}],"inLanguage":"es"},{"@type":"Organization","@id":"https:\/\/bebdental.it\/es\/#organization","name":"B&B Dental","url":"https:\/\/bebdental.it\/es\/","logo":{"@type":"ImageObject","inLanguage":"es","@id":"https:\/\/bebdental.it\/es\/#\/schema\/logo\/image\/","url":"https:\/\/bebdental.it\/wp-content\/uploads\/2024\/01\/Logo-Black.jpg","contentUrl":"https:\/\/bebdental.it\/wp-content\/uploads\/2024\/01\/Logo-Black.jpg","width":599,"height":771,"caption":"B&B Dental"},"image":{"@id":"https:\/\/bebdental.it\/es\/#\/schema\/logo\/image\/"},"sameAs":["https:\/\/www.facebook.com\/BeBdentalimplant","https:\/\/www.instagram.com\/beb.dental\/","https:\/\/it.linkedin.com\/company\/b&b-dental","https:\/\/www.youtube.com\/user\/BeBDental\/videos"]}]}},"_links":{"self":[{"href":"https:\/\/bebdental.it\/es\/wp-json\/wp\/v2\/pages\/3078","targetHints":{"allow":["GET"]}}],"collection":[{"href":"https:\/\/bebdental.it\/es\/wp-json\/wp\/v2\/pages"}],"about":[{"href":"https:\/\/bebdental.it\/es\/wp-json\/wp\/v2\/types\/page"}],"author":[{"embeddable":true,"href":"https:\/\/bebdental.it\/es\/wp-json\/wp\/v2\/users\/1"}],"replies":[{"embeddable":true,"href":"https:\/\/bebdental.it\/es\/wp-json\/wp\/v2\/comments?post=3078"}],"version-history":[{"count":0,"href":"https:\/\/bebdental.it\/es\/wp-json\/wp\/v2\/pages\/3078\/revisions"}],"up":[{"embeddable":true,"href":"https:\/\/bebdental.it\/es\/wp-json\/wp\/v2\/pages\/3072"}],"wp:attachment":[{"href":"https:\/\/bebdental.it\/es\/wp-json\/wp\/v2\/media?parent=3078"}],"curies":[{"name":"wp","href":"https:\/\/api.w.org\/{rel}","templated":true}]}}