{"id":3116,"date":"2024-01-13T21:09:05","date_gmt":"2024-01-13T20:09:05","guid":{"rendered":"https:\/\/bebdental.it\/area-profesional\/regeneracion-osea\/novocor-plus\/"},"modified":"2024-01-17T07:21:27","modified_gmt":"2024-01-17T06:21:27","slug":"novocor-plus","status":"publish","type":"page","link":"https:\/\/bebdental.it\/es\/pro\/regeneracion-osea\/novocor-plus\/","title":{"rendered":"Novocor Plus"},"content":{"rendered":"\t\t<div data-elementor-type=\"wp-page\" data-elementor-id=\"3116\" class=\"elementor elementor-3116 elementor-835\" data-elementor-post-type=\"page\">\n\t\t\t\t\t\t<section class=\"elementor-section elementor-top-section elementor-element elementor-element-1af7fee elementor-section-boxed elementor-section-height-default elementor-section-height-default\" data-id=\"1af7fee\" data-element_type=\"section\">\n\t\t\t\t\t\t<div class=\"elementor-container elementor-column-gap-default\">\n\t\t\t\t\t<div class=\"elementor-column elementor-col-100 elementor-top-column elementor-element elementor-element-ef57f35\" data-id=\"ef57f35\" data-element_type=\"column\">\n\t\t\t<div class=\"elementor-widget-wrap elementor-element-populated\">\n\t\t\t\t\t\t<div class=\"elementor-element elementor-element-393cc1b elementor-widget elementor-widget-heading\" data-id=\"393cc1b\" data-element_type=\"widget\" data-widget_type=\"heading.default\">\n\t\t\t\t<div class=\"elementor-widget-container\">\n\t\t\t\t\t<h1 class=\"elementor-heading-title elementor-size-default\">NOVOCOR PLUS<\/h1>\t\t\t\t<\/div>\n\t\t\t\t<\/div>\n\t\t\t\t<div class=\"elementor-element elementor-element-004c5f4 elementor-widget elementor-widget-heading\" data-id=\"004c5f4\" data-element_type=\"widget\" data-widget_type=\"heading.default\">\n\t\t\t\t<div class=\"elementor-widget-container\">\n\t\t\t\t\t<h5 class=\"elementor-heading-title elementor-size-default\">injerto \u00f3seo mandibular<\/h5>\t\t\t\t<\/div>\n\t\t\t\t<\/div>\n\t\t\t\t<div class=\"elementor-element elementor-element-f37d7b7 elementor-widget elementor-widget-text-editor\" data-id=\"f37d7b7\" data-element_type=\"widget\" data-widget_type=\"text-editor.default\">\n\t\t\t\t<div class=\"elementor-widget-container\">\n\t\t\t\t\t\t\t\t\t<p>B&amp;B Dental ha patentado el producto sanitario NOVOCOR PLUS.<br \/>NOVOCOR PLUS es un material natural de injerto \u00f3seo mandibular compuesto por gr\u00e1nulos de coral natural que puede utilizarse en la reparaci\u00f3n de defectos \u00f3seos en el sector ortop\u00e9dico. Especialmente en odontolog\u00eda, se utiliza como relleno tras operaciones de implantes.<\/p>\n\t\t\t\t\t\t\t\t<\/div>\n\t\t\t\t<\/div>\n\t\t\t\t<section class=\"elementor-section elementor-inner-section elementor-element elementor-element-842f4e5 elementor-section-boxed elementor-section-height-default elementor-section-height-default\" data-id=\"842f4e5\" data-element_type=\"section\">\n\t\t\t\t\t\t<div class=\"elementor-container elementor-column-gap-default\">\n\t\t\t\t\t<div class=\"elementor-column elementor-col-50 elementor-inner-column elementor-element elementor-element-f36f5c1\" data-id=\"f36f5c1\" data-element_type=\"column\">\n\t\t\t<div class=\"elementor-widget-wrap elementor-element-populated\">\n\t\t\t\t\t\t<div class=\"elementor-element elementor-element-3413690 elementor-widget elementor-widget-image\" data-id=\"3413690\" data-element_type=\"widget\" data-widget_type=\"image.default\">\n\t\t\t\t<div class=\"elementor-widget-container\">\n\t\t\t\t\t\t\t\t\t\t\t\t\t\t\t<img fetchpriority=\"high\" decoding=\"async\" width=\"800\" height=\"581\" src=\"https:\/\/bebdental.it\/wp-content\/uploads\/2024\/01\/image123-4426-1024x744.jpg\" class=\"attachment-large size-large wp-image-1970\" alt=\"\" srcset=\"https:\/\/bebdental.it\/wp-content\/uploads\/2024\/01\/image123-4426-1024x744.jpg 1024w, https:\/\/bebdental.it\/wp-content\/uploads\/2024\/01\/image123-4426-300x218.jpg 300w, https:\/\/bebdental.it\/wp-content\/uploads\/2024\/01\/image123-4426-768x558.jpg 768w, https:\/\/bebdental.it\/wp-content\/uploads\/2024\/01\/image123-4426-1536x1116.jpg 1536w, https:\/\/bebdental.it\/wp-content\/uploads\/2024\/01\/image123-4426.jpg 1557w\" sizes=\"(max-width: 800px) 100vw, 800px\" \/>\t\t\t\t\t\t\t\t\t\t\t\t\t\t\t<\/div>\n\t\t\t\t<\/div>\n\t\t\t\t\t<\/div>\n\t\t<\/div>\n\t\t\t\t<div class=\"elementor-column elementor-col-50 elementor-inner-column elementor-element elementor-element-463c067\" data-id=\"463c067\" data-element_type=\"column\">\n\t\t\t<div class=\"elementor-widget-wrap elementor-element-populated\">\n\t\t\t\t\t\t<div class=\"elementor-element elementor-element-7381757 elementor-widget elementor-widget-heading\" data-id=\"7381757\" data-element_type=\"widget\" data-widget_type=\"heading.default\">\n\t\t\t\t<div class=\"elementor-widget-container\">\n\t\t\t\t\t<h4 class=\"elementor-heading-title elementor-size-default\">Caracter\u00edsticas<\/h4>\t\t\t\t<\/div>\n\t\t\t\t<\/div>\n\t\t\t\t<div class=\"elementor-element elementor-element-b892ce9 premium-type-column elementor-widget elementor-widget-premium-icon-list\" data-id=\"b892ce9\" data-element_type=\"widget\" data-settings=\"{&quot;rbadges_repeater&quot;:[]}\" data-widget_type=\"premium-icon-list.default\">\n\t\t\t\t<div class=\"elementor-widget-container\">\n\t\t\t\t\t\t\t\t<ul class=\"premium-bullet-list-box\">\r\n\t\t\r\n\t\t\t<li class=\"premium-bullet-list-content elementor-repeater-item-332f92e\">\r\n\t\t\t\t<div class=\"premium-bullet-list-text\">\r\n\t\t\t\t\t\t\t\t<div class=\"premium-bullet-list-wrapper\">\r\n\t\t\t\t\t<div class=\"premium-drawable-icon\"><svg class=\"premium-svg-nodraw e-font-icon-svg e-fas-dot-circle\" aria-hidden=\"true\" viewBox=\"0 0 512 512\" xmlns=\"http:\/\/www.w3.org\/2000\/svg\"><path d=\"M256 8C119.033 8 8 119.033 8 256s111.033 248 248 248 248-111.033 248-248S392.967 8 256 8zm80 248c0 44.112-35.888 80-80 80s-80-35.888-80-80 35.888-80 80-80 80 35.888 80 80z\"><\/path><\/svg><\/div>\t\t\t\t<\/div>\r\n\t\t\t\t\r\n\t\t\t\t<span   data-text=\"Cada envase contiene 4 c\u00e1psulas de 0,5 gramos.\"> Cada envase contiene 4 c\u00e1psulas de 0,5 gramos. <\/span>\r\n\t\t\t\t<\/div>\r\n\r\n\t\t\t\t\r\n\t\t\t\t\r\n\t\t\t<\/li>\r\n\r\n\t\t\t\t\r\n\t\t\t<li class=\"premium-bullet-list-content elementor-repeater-item-d4232cd\">\r\n\t\t\t\t<div class=\"premium-bullet-list-text\">\r\n\t\t\t\t\t\t\t\t<div class=\"premium-bullet-list-wrapper\">\r\n\t\t\t\t\t<div class=\"premium-drawable-icon\"><svg class=\"premium-svg-nodraw e-font-icon-svg e-fas-dot-circle\" aria-hidden=\"true\" viewBox=\"0 0 512 512\" xmlns=\"http:\/\/www.w3.org\/2000\/svg\"><path d=\"M256 8C119.033 8 8 119.033 8 256s111.033 248 248 248 248-111.033 248-248S392.967 8 256 8zm80 248c0 44.112-35.888 80-80 80s-80-35.888-80-80 35.888-80 80-80 80 35.888 80 80z\"><\/path><\/svg><\/div>\t\t\t\t<\/div>\r\n\t\t\t\t\r\n\t\t\t\t<span   data-text=\"Granulometr\u00eda de 0,2 a 0,5 mm.\"> Granulometr\u00eda de 0,2 a 0,5 mm. <\/span>\r\n\t\t\t\t<\/div>\r\n\r\n\t\t\t\t\r\n\t\t\t\t\r\n\t\t\t<\/li>\r\n\r\n\t\t\t\t\r\n\t\t\t<li class=\"premium-bullet-list-content elementor-repeater-item-3583af8\">\r\n\t\t\t\t<div class=\"premium-bullet-list-text\">\r\n\t\t\t\t\t\t\t\t<div class=\"premium-bullet-list-wrapper\">\r\n\t\t\t\t\t<div class=\"premium-drawable-icon\"><svg class=\"premium-svg-nodraw e-font-icon-svg e-fas-dot-circle\" aria-hidden=\"true\" viewBox=\"0 0 512 512\" xmlns=\"http:\/\/www.w3.org\/2000\/svg\"><path d=\"M256 8C119.033 8 8 119.033 8 256s111.033 248 248 248 248-111.033 248-248S392.967 8 256 8zm80 248c0 44.112-35.888 80-80 80s-80-35.888-80-80 35.888-80 80-80 80 35.888 80 80z\"><\/path><\/svg><\/div>\t\t\t\t<\/div>\r\n\t\t\t\t\r\n\t\t\t\t<span   data-text=\"Novocor Plus Corallo madrep\u00f3rico compuesto por un 98% de carbonato aragon\u00edtico c\u00e1lcico.\"> Novocor Plus Corallo madrep\u00f3rico compuesto por un 98% de carbonato aragon\u00edtico c\u00e1lcico. <\/span>\r\n\t\t\t\t<\/div>\r\n\r\n\t\t\t\t\r\n\t\t\t\t\r\n\t\t\t<\/li>\r\n\r\n\t\t\t\t\t\t<\/ul>\r\n\t\t\t\t\t\t<\/div>\n\t\t\t\t<\/div>\n\t\t\t\t<div class=\"elementor-element elementor-element-971cfa5 elementor-widget elementor-widget-text-editor\" data-id=\"971cfa5\" data-element_type=\"widget\" data-widget_type=\"text-editor.default\">\n\t\t\t\t<div class=\"elementor-widget-container\">\n\t\t\t\t\t\t\t\t\t<p><span style=\"text-decoration: underline;\">Novocor Plus dejar\u00e1 de fabricarse a partir del 1 de enero de 2022<\/span><\/p>\n\t\t\t\t\t\t\t\t<\/div>\n\t\t\t\t<\/div>\n\t\t\t\t\t<\/div>\n\t\t<\/div>\n\t\t\t\t\t<\/div>\n\t\t<\/section>\n\t\t\t\t\t<\/div>\n\t\t<\/div>\n\t\t\t\t\t<\/div>\n\t\t<\/section>\n\t\t\t\t<section class=\"elementor-section elementor-top-section elementor-element elementor-element-c03e8eb elementor-section-full_width elementor-section-height-default elementor-section-height-default\" data-id=\"c03e8eb\" data-element_type=\"section\">\n\t\t\t\t\t\t<div class=\"elementor-container elementor-column-gap-default\">\n\t\t\t\t\t<div class=\"elementor-column elementor-col-100 elementor-top-column elementor-element elementor-element-f958d77\" data-id=\"f958d77\" data-element_type=\"column\">\n\t\t\t<div class=\"elementor-widget-wrap elementor-element-populated\">\n\t\t\t\t\t\t<div class=\"elementor-element elementor-element-9392f35 elementor-widget elementor-widget-template\" data-id=\"9392f35\" data-element_type=\"widget\" data-widget_type=\"template.default\">\n\t\t\t\t<div class=\"elementor-widget-container\">\n\t\t\t\t\t\t\t<div class=\"elementor-template\">\n\t\t\t\t\t<div data-elementor-type=\"section\" data-elementor-id=\"2518\" class=\"elementor elementor-2518 elementor-81\" data-elementor-post-type=\"elementor_library\">\n\t\t\t\t\t<section class=\"elementor-section elementor-top-section elementor-element elementor-element-5832986 elementor-section-full_width elementor-section-height-min-height elementor-section-height-default elementor-section-items-middle\" data-id=\"5832986\" data-element_type=\"section\" data-settings=\"{&quot;background_background&quot;:&quot;classic&quot;}\">\n\t\t\t\t\t\t<div class=\"elementor-container elementor-column-gap-default\">\n\t\t\t\t\t<div class=\"elementor-column elementor-col-100 elementor-top-column elementor-element elementor-element-484853a\" data-id=\"484853a\" data-element_type=\"column\">\n\t\t\t<div class=\"elementor-widget-wrap elementor-element-populated\">\n\t\t\t\t\t\t<section class=\"elementor-section elementor-inner-section elementor-element elementor-element-2972464 elementor-section-boxed elementor-section-height-default elementor-section-height-default\" data-id=\"2972464\" data-element_type=\"section\">\n\t\t\t\t\t\t<div class=\"elementor-container elementor-column-gap-default\">\n\t\t\t\t\t<div class=\"elementor-column elementor-col-50 elementor-inner-column elementor-element elementor-element-18936a9\" data-id=\"18936a9\" data-element_type=\"column\">\n\t\t\t<div class=\"elementor-widget-wrap elementor-element-populated\">\n\t\t\t\t\t\t<div class=\"elementor-element elementor-element-254914f elementor-widget elementor-widget-heading\" data-id=\"254914f\" data-element_type=\"widget\" data-widget_type=\"heading.default\">\n\t\t\t\t<div class=\"elementor-widget-container\">\n\t\t\t\t\t<h3 class=\"elementor-heading-title elementor-size-default\">\u00bfQUIERES SABER M\u00c1S?<\/h3>\t\t\t\t<\/div>\n\t\t\t\t<\/div>\n\t\t\t\t<div class=\"elementor-element elementor-element-b16da7f elementor-widget elementor-widget-heading\" data-id=\"b16da7f\" data-element_type=\"widget\" data-widget_type=\"heading.default\">\n\t\t\t\t<div class=\"elementor-widget-container\">\n\t\t\t\t\t<h5 class=\"elementor-heading-title elementor-size-default\">\u00a1CONT\u00c1CTANOS!<\/h5>\t\t\t\t<\/div>\n\t\t\t\t<\/div>\n\t\t\t\t\t<\/div>\n\t\t<\/div>\n\t\t\t\t<div class=\"elementor-column elementor-col-50 elementor-inner-column elementor-element elementor-element-2cc28c8\" data-id=\"2cc28c8\" data-element_type=\"column\">\n\t\t\t<div class=\"elementor-widget-wrap elementor-element-populated\">\n\t\t\t\t\t\t<div class=\"elementor-element elementor-element-1a64f6d elementor-align-right elementor-mobile-align-center elementor-widget elementor-widget-button\" data-id=\"1a64f6d\" data-element_type=\"widget\" data-widget_type=\"button.default\">\n\t\t\t\t<div class=\"elementor-widget-container\">\n\t\t\t\t\t\t\t\t\t<div class=\"elementor-button-wrapper\">\n\t\t\t\t\t<a class=\"elementor-button elementor-button-link elementor-size-sm\" href=\"#form\" target=\"_blank\">\n\t\t\t\t\t\t<span class=\"elementor-button-content-wrapper\">\n\t\t\t\t\t\t\t\t\t<span class=\"elementor-button-text\">Contactar <\/span>\n\t\t\t\t\t<\/span>\n\t\t\t\t\t<\/a>\n\t\t\t\t<\/div>\n\t\t\t\t\t\t\t\t<\/div>\n\t\t\t\t<\/div>\n\t\t\t\t<div class=\"elementor-element elementor-element-7854846 elementor-align-right elementor-mobile-align-center elementor-widget elementor-widget-button\" data-id=\"7854846\" data-element_type=\"widget\" data-widget_type=\"button.default\">\n\t\t\t\t<div class=\"elementor-widget-container\">\n\t\t\t\t\t\t\t\t\t<div class=\"elementor-button-wrapper\">\n\t\t\t\t\t<a class=\"elementor-button elementor-button-link elementor-size-sm\" href=\"tel:+39051811375\" target=\"_blank\">\n\t\t\t\t\t\t<span class=\"elementor-button-content-wrapper\">\n\t\t\t\t\t\t\t\t\t<span class=\"elementor-button-text\">+39 051 811375<\/span>\n\t\t\t\t\t<\/span>\n\t\t\t\t\t<\/a>\n\t\t\t\t<\/div>\n\t\t\t\t\t\t\t\t<\/div>\n\t\t\t\t<\/div>\n\t\t\t\t\t<\/div>\n\t\t<\/div>\n\t\t\t\t\t<\/div>\n\t\t<\/section>\n\t\t\t\t\t<\/div>\n\t\t<\/div>\n\t\t\t\t\t<\/div>\n\t\t<\/section>\n\t\t\t\t<\/div>\n\t\t\t\t<\/div>\n\t\t\t\t\t\t<\/div>\n\t\t\t\t<\/div>\n\t\t\t\t\t<\/div>\n\t\t<\/div>\n\t\t\t\t\t<\/div>\n\t\t<\/section>\n\t\t\t\t<\/div>\n\t\t","protected":false},"excerpt":{"rendered":"<p>NOVOCOR PLUS injerto \u00f3seo mandibular B&amp;B Dental ha patentado el producto sanitario NOVOCOR PLUS.NOVOCOR PLUS es un material natural de injerto \u00f3seo mandibular compuesto por gr\u00e1nulos de coral natural que puede utilizarse en la reparaci\u00f3n de defectos \u00f3seos en el sector ortop\u00e9dico. Especialmente en odontolog\u00eda, se utiliza como relleno tras operaciones de implantes. Caracter\u00edsticas Cada [&hellip;]<\/p>\n","protected":false},"author":1,"featured_media":0,"parent":3098,"menu_order":0,"comment_status":"closed","ping_status":"closed","template":"","meta":{"footnotes":""},"class_list":["post-3116","page","type-page","status-publish","hentry"],"yoast_head":"<!-- This site is optimized with the Yoast SEO plugin v24.8.1 - https:\/\/yoast.com\/wordpress\/plugins\/seo\/ -->\n<title>Novobone gr\u00e1nulos - Profesionales - B&amp;B Dental<\/title>\n<meta name=\"description\" content=\"Descubra el producto de regeneraci\u00f3n \u00f3sea Novobone Gr\u00e1nulos en el \u00c1rea Profesional de B&amp;B Dental.\" \/>\n<meta name=\"robots\" content=\"index, follow, max-snippet:-1, max-image-preview:large, max-video-preview:-1\" \/>\n<link rel=\"canonical\" href=\"https:\/\/bebdental.it\/es\/pro\/regeneracion-osea\/novocor-plus\/\" \/>\n<meta property=\"og:locale\" content=\"es_ES\" \/>\n<meta property=\"og:type\" content=\"article\" \/>\n<meta property=\"og:title\" content=\"Novobone gr\u00e1nulos - Profesionales - B&amp;B Dental\" \/>\n<meta property=\"og:description\" content=\"Descubra el producto de regeneraci\u00f3n \u00f3sea Novobone Gr\u00e1nulos en el \u00c1rea Profesional de B&amp;B Dental.\" \/>\n<meta property=\"og:url\" content=\"https:\/\/bebdental.it\/es\/pro\/regeneracion-osea\/novocor-plus\/\" \/>\n<meta property=\"og:site_name\" content=\"B&amp;B Dental\" \/>\n<meta property=\"article:publisher\" content=\"https:\/\/www.facebook.com\/BeBdentalimplant\" \/>\n<meta property=\"article:modified_time\" content=\"2024-01-17T06:21:27+00:00\" \/>\n<meta property=\"og:image\" content=\"https:\/\/bebdental.it\/wp-content\/uploads\/2024\/01\/image123-4426-1024x744.jpg\" \/>\n<meta name=\"twitter:card\" content=\"summary_large_image\" \/>\n<script type=\"application\/ld+json\" class=\"yoast-schema-graph\">{\"@context\":\"https:\/\/schema.org\",\"@graph\":[{\"@type\":\"WebPage\",\"@id\":\"https:\/\/bebdental.it\/es\/pro\/regeneracion-osea\/novocor-plus\/\",\"url\":\"https:\/\/bebdental.it\/es\/pro\/regeneracion-osea\/novocor-plus\/\",\"name\":\"Novobone gr\u00e1nulos - Profesionales - B&B Dental\",\"isPartOf\":{\"@id\":\"https:\/\/bebdental.it\/es\/#website\"},\"primaryImageOfPage\":{\"@id\":\"https:\/\/bebdental.it\/es\/pro\/regeneracion-osea\/novocor-plus\/#primaryimage\"},\"image\":{\"@id\":\"https:\/\/bebdental.it\/es\/pro\/regeneracion-osea\/novocor-plus\/#primaryimage\"},\"thumbnailUrl\":\"https:\/\/bebdental.it\/wp-content\/uploads\/2024\/01\/image123-4426-1024x744.jpg\",\"datePublished\":\"2024-01-13T20:09:05+00:00\",\"dateModified\":\"2024-01-17T06:21:27+00:00\",\"description\":\"Descubra el producto de regeneraci\u00f3n \u00f3sea Novobone Gr\u00e1nulos en el \u00c1rea Profesional de B&B Dental.\",\"breadcrumb\":{\"@id\":\"https:\/\/bebdental.it\/es\/pro\/regeneracion-osea\/novocor-plus\/#breadcrumb\"},\"inLanguage\":\"es\",\"potentialAction\":[{\"@type\":\"ReadAction\",\"target\":[\"https:\/\/bebdental.it\/es\/pro\/regeneracion-osea\/novocor-plus\/\"]}]},{\"@type\":\"ImageObject\",\"inLanguage\":\"es\",\"@id\":\"https:\/\/bebdental.it\/es\/pro\/regeneracion-osea\/novocor-plus\/#primaryimage\",\"url\":\"https:\/\/bebdental.it\/wp-content\/uploads\/2024\/01\/image123-4426-1024x744.jpg\",\"contentUrl\":\"https:\/\/bebdental.it\/wp-content\/uploads\/2024\/01\/image123-4426-1024x744.jpg\"},{\"@type\":\"BreadcrumbList\",\"@id\":\"https:\/\/bebdental.it\/es\/pro\/regeneracion-osea\/novocor-plus\/#breadcrumb\",\"itemListElement\":[{\"@type\":\"ListItem\",\"position\":1,\"name\":\"\u00c1rea profesional\",\"item\":\"https:\/\/bebdental.it\/es\/pro\/\"},{\"@type\":\"ListItem\",\"position\":2,\"name\":\"Regeneraci\u00f3n \u00d3sea\",\"item\":\"https:\/\/bebdental.it\/es\/pro\/regeneracion-osea\/\"},{\"@type\":\"ListItem\",\"position\":3,\"name\":\"Novocor Plus\"}]},{\"@type\":\"WebSite\",\"@id\":\"https:\/\/bebdental.it\/es\/#website\",\"url\":\"https:\/\/bebdental.it\/es\/\",\"name\":\"B&B Dental\",\"description\":\"Impianti Dentali e Implantologia | Bologna\",\"publisher\":{\"@id\":\"https:\/\/bebdental.it\/es\/#organization\"},\"alternateName\":\"B&B Dental\",\"potentialAction\":[{\"@type\":\"SearchAction\",\"target\":{\"@type\":\"EntryPoint\",\"urlTemplate\":\"https:\/\/bebdental.it\/es\/?s={search_term_string}\"},\"query-input\":{\"@type\":\"PropertyValueSpecification\",\"valueRequired\":true,\"valueName\":\"search_term_string\"}}],\"inLanguage\":\"es\"},{\"@type\":\"Organization\",\"@id\":\"https:\/\/bebdental.it\/es\/#organization\",\"name\":\"B&B Dental\",\"url\":\"https:\/\/bebdental.it\/es\/\",\"logo\":{\"@type\":\"ImageObject\",\"inLanguage\":\"es\",\"@id\":\"https:\/\/bebdental.it\/es\/#\/schema\/logo\/image\/\",\"url\":\"https:\/\/bebdental.it\/wp-content\/uploads\/2024\/01\/Logo-Black.jpg\",\"contentUrl\":\"https:\/\/bebdental.it\/wp-content\/uploads\/2024\/01\/Logo-Black.jpg\",\"width\":599,\"height\":771,\"caption\":\"B&B Dental\"},\"image\":{\"@id\":\"https:\/\/bebdental.it\/es\/#\/schema\/logo\/image\/\"},\"sameAs\":[\"https:\/\/www.facebook.com\/BeBdentalimplant\",\"https:\/\/www.instagram.com\/beb.dental\/\",\"https:\/\/it.linkedin.com\/company\/b&b-dental\",\"https:\/\/www.youtube.com\/user\/BeBDental\/videos\"]}]}<\/script>\n<!-- \/ Yoast SEO plugin. -->","yoast_head_json":{"title":"Novobone gr\u00e1nulos - Profesionales - B&B Dental","description":"Descubra el producto de regeneraci\u00f3n \u00f3sea Novobone Gr\u00e1nulos en el \u00c1rea Profesional de B&B Dental.","robots":{"index":"index","follow":"follow","max-snippet":"max-snippet:-1","max-image-preview":"max-image-preview:large","max-video-preview":"max-video-preview:-1"},"canonical":"https:\/\/bebdental.it\/es\/pro\/regeneracion-osea\/novocor-plus\/","og_locale":"es_ES","og_type":"article","og_title":"Novobone gr\u00e1nulos - Profesionales - B&B Dental","og_description":"Descubra el producto de regeneraci\u00f3n \u00f3sea Novobone Gr\u00e1nulos en el \u00c1rea Profesional de B&B Dental.","og_url":"https:\/\/bebdental.it\/es\/pro\/regeneracion-osea\/novocor-plus\/","og_site_name":"B&amp;B Dental","article_publisher":"https:\/\/www.facebook.com\/BeBdentalimplant","article_modified_time":"2024-01-17T06:21:27+00:00","og_image":[{"url":"https:\/\/bebdental.it\/wp-content\/uploads\/2024\/01\/image123-4426-1024x744.jpg","type":"","width":"","height":""}],"twitter_card":"summary_large_image","schema":{"@context":"https:\/\/schema.org","@graph":[{"@type":"WebPage","@id":"https:\/\/bebdental.it\/es\/pro\/regeneracion-osea\/novocor-plus\/","url":"https:\/\/bebdental.it\/es\/pro\/regeneracion-osea\/novocor-plus\/","name":"Novobone gr\u00e1nulos - Profesionales - B&B Dental","isPartOf":{"@id":"https:\/\/bebdental.it\/es\/#website"},"primaryImageOfPage":{"@id":"https:\/\/bebdental.it\/es\/pro\/regeneracion-osea\/novocor-plus\/#primaryimage"},"image":{"@id":"https:\/\/bebdental.it\/es\/pro\/regeneracion-osea\/novocor-plus\/#primaryimage"},"thumbnailUrl":"https:\/\/bebdental.it\/wp-content\/uploads\/2024\/01\/image123-4426-1024x744.jpg","datePublished":"2024-01-13T20:09:05+00:00","dateModified":"2024-01-17T06:21:27+00:00","description":"Descubra el producto de regeneraci\u00f3n \u00f3sea Novobone Gr\u00e1nulos en el \u00c1rea Profesional de B&B Dental.","breadcrumb":{"@id":"https:\/\/bebdental.it\/es\/pro\/regeneracion-osea\/novocor-plus\/#breadcrumb"},"inLanguage":"es","potentialAction":[{"@type":"ReadAction","target":["https:\/\/bebdental.it\/es\/pro\/regeneracion-osea\/novocor-plus\/"]}]},{"@type":"ImageObject","inLanguage":"es","@id":"https:\/\/bebdental.it\/es\/pro\/regeneracion-osea\/novocor-plus\/#primaryimage","url":"https:\/\/bebdental.it\/wp-content\/uploads\/2024\/01\/image123-4426-1024x744.jpg","contentUrl":"https:\/\/bebdental.it\/wp-content\/uploads\/2024\/01\/image123-4426-1024x744.jpg"},{"@type":"BreadcrumbList","@id":"https:\/\/bebdental.it\/es\/pro\/regeneracion-osea\/novocor-plus\/#breadcrumb","itemListElement":[{"@type":"ListItem","position":1,"name":"\u00c1rea profesional","item":"https:\/\/bebdental.it\/es\/pro\/"},{"@type":"ListItem","position":2,"name":"Regeneraci\u00f3n \u00d3sea","item":"https:\/\/bebdental.it\/es\/pro\/regeneracion-osea\/"},{"@type":"ListItem","position":3,"name":"Novocor Plus"}]},{"@type":"WebSite","@id":"https:\/\/bebdental.it\/es\/#website","url":"https:\/\/bebdental.it\/es\/","name":"B&B Dental","description":"Impianti Dentali e Implantologia | Bologna","publisher":{"@id":"https:\/\/bebdental.it\/es\/#organization"},"alternateName":"B&B Dental","potentialAction":[{"@type":"SearchAction","target":{"@type":"EntryPoint","urlTemplate":"https:\/\/bebdental.it\/es\/?s={search_term_string}"},"query-input":{"@type":"PropertyValueSpecification","valueRequired":true,"valueName":"search_term_string"}}],"inLanguage":"es"},{"@type":"Organization","@id":"https:\/\/bebdental.it\/es\/#organization","name":"B&B Dental","url":"https:\/\/bebdental.it\/es\/","logo":{"@type":"ImageObject","inLanguage":"es","@id":"https:\/\/bebdental.it\/es\/#\/schema\/logo\/image\/","url":"https:\/\/bebdental.it\/wp-content\/uploads\/2024\/01\/Logo-Black.jpg","contentUrl":"https:\/\/bebdental.it\/wp-content\/uploads\/2024\/01\/Logo-Black.jpg","width":599,"height":771,"caption":"B&B Dental"},"image":{"@id":"https:\/\/bebdental.it\/es\/#\/schema\/logo\/image\/"},"sameAs":["https:\/\/www.facebook.com\/BeBdentalimplant","https:\/\/www.instagram.com\/beb.dental\/","https:\/\/it.linkedin.com\/company\/b&b-dental","https:\/\/www.youtube.com\/user\/BeBDental\/videos"]}]}},"_links":{"self":[{"href":"https:\/\/bebdental.it\/es\/wp-json\/wp\/v2\/pages\/3116","targetHints":{"allow":["GET"]}}],"collection":[{"href":"https:\/\/bebdental.it\/es\/wp-json\/wp\/v2\/pages"}],"about":[{"href":"https:\/\/bebdental.it\/es\/wp-json\/wp\/v2\/types\/page"}],"author":[{"embeddable":true,"href":"https:\/\/bebdental.it\/es\/wp-json\/wp\/v2\/users\/1"}],"replies":[{"embeddable":true,"href":"https:\/\/bebdental.it\/es\/wp-json\/wp\/v2\/comments?post=3116"}],"version-history":[{"count":0,"href":"https:\/\/bebdental.it\/es\/wp-json\/wp\/v2\/pages\/3116\/revisions"}],"up":[{"embeddable":true,"href":"https:\/\/bebdental.it\/es\/wp-json\/wp\/v2\/pages\/3098"}],"wp:attachment":[{"href":"https:\/\/bebdental.it\/es\/wp-json\/wp\/v2\/media?parent=3116"}],"curies":[{"name":"wp","href":"https:\/\/api.w.org\/{rel}","templated":true}]}}