{"id":4771,"date":"2024-09-24T13:11:05","date_gmt":"2024-09-24T11:11:05","guid":{"rendered":"https:\/\/bebdental.it\/informacion-a-clientes-y-proveedores\/"},"modified":"2024-09-24T13:19:19","modified_gmt":"2024-09-24T11:19:19","slug":"informacion-clientes-proveedores","status":"publish","type":"page","link":"https:\/\/bebdental.it\/es\/informacion-clientes-proveedores\/","title":{"rendered":"Informaci\u00f3n a clientes y proveedores"},"content":{"rendered":"\t\t<div data-elementor-type=\"wp-page\" data-elementor-id=\"4771\" class=\"elementor elementor-4771 elementor-4762\" data-elementor-post-type=\"page\">\n\t\t\t\t\t\t<section class=\"elementor-section elementor-top-section elementor-element elementor-element-3000a2b elementor-section-boxed elementor-section-height-default elementor-section-height-default\" data-id=\"3000a2b\" data-element_type=\"section\">\n\t\t\t\t\t\t<div class=\"elementor-container elementor-column-gap-default\">\n\t\t\t\t\t<div class=\"elementor-column elementor-col-100 elementor-top-column elementor-element elementor-element-82c3cb4\" data-id=\"82c3cb4\" data-element_type=\"column\">\n\t\t\t<div class=\"elementor-widget-wrap elementor-element-populated\">\n\t\t\t\t\t\t<div class=\"elementor-element elementor-element-6c686fb elementor-widget elementor-widget-heading\" data-id=\"6c686fb\" data-element_type=\"widget\" data-widget_type=\"heading.default\">\n\t\t\t\t<div class=\"elementor-widget-container\">\n\t\t\t\t\t<h1 class=\"elementor-heading-title elementor-size-default\">Informaci\u00f3n a clientes y proveedores<\/h1>\t\t\t\t<\/div>\n\t\t\t\t<\/div>\n\t\t\t\t\t<\/div>\n\t\t<\/div>\n\t\t\t\t\t<\/div>\n\t\t<\/section>\n\t\t<div class=\"elementor-element elementor-element-e1ce075 e-flex e-con-boxed e-con e-parent\" data-id=\"e1ce075\" data-element_type=\"container\">\n\t\t\t\t\t<div class=\"e-con-inner\">\n\t\t\t\t<div class=\"elementor-element elementor-element-e1380ef elementor-widget elementor-widget-text-editor\" data-id=\"e1380ef\" data-element_type=\"widget\" data-widget_type=\"text-editor.default\">\n\t\t\t\t<div class=\"elementor-widget-container\">\n\t\t\t\t\t\t\t\t\t<p><b>INFORMACI\u00d3N A CLIENTES Y PROVEEDORES SOBRE EL TRATAMIENTO DE DATOS PERSONALES DE CONFORMIDAD CON EL ART\u00cdCULO 13 DEL REGLAMENTO EUROPEO (UE) 2016\/679<\/b><br \/><u>Esta informaci\u00f3n se proporciona de conformidad con el Reglamento (UE) 2016\/679 (en lo sucesivo, el \u00abReglamento\u00bb o \u00abGDPR\u00bb) y describe c\u00f3mo se procesan los datos personales de Clientes y Proveedores recopilados por la empresa<\/u> <br \/><br \/>De conformidad con el Reglamento relativo a la protecci\u00f3n de las personas f\u00edsicas en lo que respecta al tratamiento de datos personales y a la libre circulaci\u00f3n de estos datos (Reg. UE del Parlamento Europeo y del Consejo de 27 de abril de 2016, N\u00ba 2016\/679\/UE &#8211; GDPR), por la presente proporcionamos informaci\u00f3n de conformidad con los art\u00edculos 13 y 14 del citado Reglamento.<br \/><br \/><\/p><ol><li><b>Responsable del tratamiento<\/b><\/li><\/ol><p>El responsable del tratamiento de datos es B&amp;BDental S.r.l. con domicilio social en Via San Benedetto, 1837 40018 &#8211; San Pietro in Casale (BO) y sede operativa en Via Due Ponti, 17\/19 &#8211; 40050 &#8211; Argelato (BO), en la persona del representante legal pro tempore, que puede ser contactado en el correo electr\u00f3nico amministrazione@bebdental.it <br \/><br \/><\/p><ol><li><b>Responsable de la protecci\u00f3n de datos (RPD)<\/b><\/li><\/ol><p>El responsable de la protecci\u00f3n de datos (RPD) es el Ing. Massimo Di Menna. <br \/>Para todas las necesidades relativas a la protecci\u00f3n de datos personales, incluido el ejercicio de los derechos reconocidos al interesado por la legislaci\u00f3n vigente, dir\u00edjase a los siguientes contactos del Responsable de Protecci\u00f3n de Datos: massimo.dimenna@gruppoingegneria.it<br \/><br \/><b>3.<\/b> <b>Datos tratados:<\/b> datos personales, datos identificativos de las personas f\u00edsicas que colaboran e interact\u00faan con el Titular en virtud de la relaci\u00f3n contractual existente con el mismo, datos de contacto como n\u00famero de tel\u00e9fono, correo electr\u00f3nico personal o del departamento general, direcciones, datos contables, financieros, administrativos, bancarios, as\u00ed como cualquier informaci\u00f3n facilitada por usted que sea necesaria para la ejecuci\u00f3n del contrato. <br \/><br \/><b>4.<\/b> <b>Finalidad del tratamiento y base jur\u00eddica<\/b><br \/>Los datos personales facilitados por usted se tratar\u00e1n para fines relacionados con la ejecuci\u00f3n del contrato, incluida cualquier fase precontractual y, en concreto, para la elaboraci\u00f3n de listas maestras, la llevanza de la contabilidad, la facturaci\u00f3n, la realizaci\u00f3n de comunicaciones tanto en papel como por medios inform\u00e1ticos, los cumplimientos fiscales, la gesti\u00f3n organizativa de los servicios solicitados y la estipulaci\u00f3n de contratos, la fijaci\u00f3n de citas, la ejecuci\u00f3n de pedidos, entregas y cumplimientos burocr\u00e1ticos relativos a los servicios solicitados en la relaci\u00f3n de suministro. Los Datos facilitados por usted son tratados con las siguientes finalidades<br \/>a) para el cumplimiento de las obligaciones contractuales derivadas del contrato firmado con usted y para la protecci\u00f3n de los derechos contractuales del Responsable del tratamiento. La base jur\u00eddica del tratamiento es la relaci\u00f3n contractual prevista en el art. 6 letra b) Reg. Europeo<br \/><br \/>b) el cumplimiento de las obligaciones legales previstas por la normativa fiscal y tributaria. La base jur\u00eddica del tratamiento es la relaci\u00f3n contractual prevista en el art. 6 lett. c) Reg. Europeo;<br \/><br \/>c) para ejercer los derechos del Responsable, como el derecho de defensa en juicio (art. 6 lett. f) Reg. 2016\/679);<br \/>d) para dar seguimiento a solicitudes espec\u00edficas realizadas al Responsable del tratamiento de comunicaciones de car\u00e1cter informativo relativas a los Servicios del mismo Responsable del tratamiento, por correo electr\u00f3nico u otras herramientas de comunicaci\u00f3n como el tel\u00e9fono (art. 6 lett. b) Reg. 2016\/679).<br \/>El suministro de los datos es obligatorio; la negativa a proporcionar los datos o la oposici\u00f3n total a su tratamiento para los fines antes mencionados puede, en cualquier caso, imposibilitar la conclusi\u00f3n de la relaci\u00f3n contractual con usted. <br \/><br \/><b>5.<\/b> <b>Destinatarios de los datos<\/b> <br \/>Sus datos tambi\u00e9n podr\u00e1n ser comunicados a terceros, por exigencias t\u00e9cnicas y operativas estrictamente relacionadas con las finalidades expuestas anteriormente, y en particular a las siguientes categor\u00edas de sujetos <br \/>a) a entidades, profesionales, empresas u otras estructuras encargadas por nosotros del tratamiento relacionado con el cumplimiento de obligaciones administrativas, contables y de gesti\u00f3n vinculadas al desarrollo ordinario de nuestra actividad, tambi\u00e9n con fines de recuperaci\u00f3n de cr\u00e9ditos <br \/>b) a autoridades y administraciones p\u00fablicas para finalidades relacionadas con el cumplimiento de obligaciones legales o a sujetos legitimados para acceder a los datos en virtud de disposiciones legales, reglamentarias, comunitarias; <br \/>c) a bancos, entidades financieras u otras entidades a las que sea necesaria la transferencia de los datos mencionados para el desempe\u00f1o de las actividades de nuestra empresa en relaci\u00f3n con el cumplimiento por nuestra parte de nuestras obligaciones contractuales para con usted.<br \/>d) proveedores de servicios de instalaci\u00f3n, asistencia y mantenimiento de sistemas y equipos inform\u00e1ticos y telem\u00e1ticos y de todos los servicios funcionalmente relacionados y necesarios para el cumplimiento de los servicios objeto del Contrato. La lista de encargados del tratamiento est\u00e1 disponible previa solicitud;<br \/>e) Empresas asociadas.<br \/><br \/><b>6.<\/b> <b>Per\u00edodos de conservaci\u00f3n de datos<\/b> <br \/>Conservaremos sus datos en una forma que permita su identificaci\u00f3n durante un periodo de tiempo no superior a la consecuci\u00f3n de los fines para los que se recopilaron los datos; por lo tanto, se conservar\u00e1n hasta la existencia de la relaci\u00f3n contractual existente y no m\u00e1s de 10 a\u00f1os desde la finalizaci\u00f3n del contrato (Art. 2946 del C\u00f3digo Civil italiano en materia de prescripci\u00f3n). Los datos que sean estrictamente necesarios para fines fiscales y contables, una vez que deje de existir la finalidad para la que fueron recogidos, se conservar\u00e1n durante un periodo de 10 a\u00f1os, tal y como establece el art\u00edculo 2220 del C\u00f3digo Civil italiano. <br \/><br \/><b>7.<\/b> <b>Transferencia de datos<\/b> <br \/>El responsable del tratamiento no transfiere datos personales a terceros pa\u00edses ni a organizaciones internacionales. <br \/><br \/><b>8.<\/b> <b>Derechos del interesado<\/b> <\/p><p>Los interesados -las personas f\u00edsicas identificadas o identificables a las que se refieren los datos- pueden ejercer derechos espec\u00edficos en materia de protecci\u00f3n de datos, que se enumeran a continuaci\u00f3n:<br \/>a) derecho de acceso: derecho a obtener del responsable del tratamiento confirmaci\u00f3n de si se est\u00e1n tratando o no datos personales y, en caso afirmativo, a obtener acceso a los datos personales e informaci\u00f3n detallada sobre el origen, las finalidades, las categor\u00edas de datos tratados, los destinatarios de la comunicaci\u00f3n y\/o cesi\u00f3n de los datos, etc.<br \/>b) derecho de rectificaci\u00f3n: derecho a obtener del responsable del tratamiento la rectificaci\u00f3n de los datos personales inexactos sin dilaciones indebidas, as\u00ed como la integraci\u00f3n de los datos personales incompletos, tambi\u00e9n mediante la presentaci\u00f3n de una declaraci\u00f3n complementaria<br \/>c) derecho de supresi\u00f3n (\u00abolvido\u00bb): derecho a obtener del responsable del tratamiento la supresi\u00f3n de los datos personales sin dilaci\u00f3n indebida en caso de que: i. los datos ya no sean necesarios en relaci\u00f3n con los fines del tratamiento; ii. se haya retirado el consentimiento en el que se basa el tratamiento y no exista otro fundamento jur\u00eddico para el tratamiento; iii. los datos personales hayan sido tratados ilegalmente; iv. los datos personales deban suprimirse para cumplir una obligaci\u00f3n legal<br \/>d) derecho a oponerse al tratamiento: derecho a oponerse en cualquier momento al tratamiento de datos personales que tengan como base jur\u00eddica un inter\u00e9s leg\u00edtimo del responsable del tratamiento;<br \/>e) derecho de restricci\u00f3n: derecho a obtener del responsable del tratamiento la restricci\u00f3n del tratamiento, cuando se impugne la exactitud de los datos personales (durante el per\u00edodo necesario para que el responsable del tratamiento verifique la exactitud de dichos datos personales), si el tratamiento es il\u00edcito y\/o el interesado se ha opuesto al tratamiento<br \/>f) derecho a la portabilidad de los datos: derecho a recibir los datos personales en un formato estructurado, de uso com\u00fan y lectura mec\u00e1nica y a transmitirlos a otro responsable del tratamiento, si es t\u00e9cnicamente posible, s\u00f3lo para los casos en que el tratamiento se base en el consentimiento o en un contrato y s\u00f3lo para los datos tratados por medios electr\u00f3nicos<br \/>(g) derecho a presentar una reclamaci\u00f3n ante la autoridad de control: sin perjuicio de cualquier otro recurso administrativo o judicial, el interesado que considere que las operaciones de tratamiento que le conciernen infringen el Reglamento tiene derecho a presentar una reclamaci\u00f3n ante la autoridad de control del Estado miembro en el que resida o trabaje habitualmente, o del Estado en el que se haya producido la presunta infracci\u00f3n.<br \/>Los derechos podr\u00e1n ejercerse poni\u00e9ndose en contacto con el responsable del tratamiento en las siguientes direcciones<\/p><p>&#8211; Responsable del tratamiento: <b>amministrazione@bebdental.it<\/b> <br \/>&#8211; RPD: <b>massimo.dimenna@gruppoingegneria.it<\/b><br \/><br \/><i>Informaci\u00f3n actualizada a 18\/09\/2024<\/i><\/p>\t\t\t\t\t\t\t\t<\/div>\n\t\t\t\t<\/div>\n\t\t\t\t\t<\/div>\n\t\t\t\t<\/div>\n\t\t\t\t<\/div>\n\t\t","protected":false},"excerpt":{"rendered":"<p>Informaci\u00f3n a clientes y proveedores INFORMACI\u00d3N A CLIENTES Y PROVEEDORES SOBRE EL TRATAMIENTO DE DATOS PERSONALES DE CONFORMIDAD CON EL ART\u00cdCULO 13 DEL REGLAMENTO EUROPEO (UE) 2016\/679Esta informaci\u00f3n se proporciona de conformidad con el Reglamento (UE) 2016\/679 (en lo sucesivo, el \u00abReglamento\u00bb o \u00abGDPR\u00bb) y describe c\u00f3mo se procesan los datos personales de Clientes y [&hellip;]<\/p>\n","protected":false},"author":1,"featured_media":0,"parent":0,"menu_order":0,"comment_status":"closed","ping_status":"closed","template":"","meta":{"footnotes":""},"class_list":["post-4771","page","type-page","status-publish","hentry"],"yoast_head":"<!-- This site is optimized with the Yoast SEO plugin v24.8.1 - https:\/\/yoast.com\/wordpress\/plugins\/seo\/ -->\n<title>Informaci\u00f3n a clientes y proveedores - B&amp;B Dental<\/title>\n<meta name=\"description\" content=\"Lea nuestra Nota informativa actualizada para conocer toda la informaci\u00f3n relativa a clientes y proveedores.\" \/>\n<meta name=\"robots\" content=\"index, follow, max-snippet:-1, max-image-preview:large, max-video-preview:-1\" \/>\n<link rel=\"canonical\" href=\"https:\/\/bebdental.it\/es\/informacion-clientes-proveedores\/\" \/>\n<meta property=\"og:locale\" content=\"es_ES\" \/>\n<meta property=\"og:type\" content=\"article\" \/>\n<meta property=\"og:title\" content=\"Informaci\u00f3n a clientes y proveedores - B&amp;B Dental\" \/>\n<meta property=\"og:description\" content=\"Lea nuestra Nota informativa actualizada para conocer toda la informaci\u00f3n relativa a clientes y proveedores.\" \/>\n<meta property=\"og:url\" content=\"https:\/\/bebdental.it\/es\/informacion-clientes-proveedores\/\" \/>\n<meta property=\"og:site_name\" content=\"B&amp;B Dental\" \/>\n<meta property=\"article:publisher\" content=\"https:\/\/www.facebook.com\/BeBdentalimplant\" \/>\n<meta property=\"article:modified_time\" content=\"2024-09-24T11:19:19+00:00\" \/>\n<meta property=\"og:image\" content=\"https:\/\/bebdental.it\/wp-content\/uploads\/2023\/12\/home-bg.jpg\" \/>\n\t<meta property=\"og:image:width\" content=\"1920\" \/>\n\t<meta property=\"og:image:height\" content=\"1280\" \/>\n\t<meta property=\"og:image:type\" content=\"image\/jpeg\" \/>\n<meta name=\"twitter:card\" content=\"summary_large_image\" \/>\n<meta name=\"twitter:label1\" content=\"Tiempo de lectura\" \/>\n\t<meta name=\"twitter:data1\" content=\"7 minutos\" \/>\n<script type=\"application\/ld+json\" class=\"yoast-schema-graph\">{\"@context\":\"https:\/\/schema.org\",\"@graph\":[{\"@type\":\"WebPage\",\"@id\":\"https:\/\/bebdental.it\/es\/informacion-clientes-proveedores\/\",\"url\":\"https:\/\/bebdental.it\/es\/informacion-clientes-proveedores\/\",\"name\":\"Informaci\u00f3n a clientes y proveedores - B&amp;B Dental\",\"isPartOf\":{\"@id\":\"https:\/\/bebdental.it\/es\/#website\"},\"datePublished\":\"2024-09-24T11:11:05+00:00\",\"dateModified\":\"2024-09-24T11:19:19+00:00\",\"description\":\"Lea nuestra Nota informativa actualizada para conocer toda la informaci\u00f3n relativa a clientes y proveedores.\",\"inLanguage\":\"es\",\"potentialAction\":[{\"@type\":\"ReadAction\",\"target\":[\"https:\/\/bebdental.it\/es\/informacion-clientes-proveedores\/\"]}]},{\"@type\":\"WebSite\",\"@id\":\"https:\/\/bebdental.it\/es\/#website\",\"url\":\"https:\/\/bebdental.it\/es\/\",\"name\":\"B&B Dental\",\"description\":\"Impianti Dentali e Implantologia | Bologna\",\"publisher\":{\"@id\":\"https:\/\/bebdental.it\/es\/#organization\"},\"alternateName\":\"B&B Dental\",\"potentialAction\":[{\"@type\":\"SearchAction\",\"target\":{\"@type\":\"EntryPoint\",\"urlTemplate\":\"https:\/\/bebdental.it\/es\/?s={search_term_string}\"},\"query-input\":{\"@type\":\"PropertyValueSpecification\",\"valueRequired\":true,\"valueName\":\"search_term_string\"}}],\"inLanguage\":\"es\"},{\"@type\":\"Organization\",\"@id\":\"https:\/\/bebdental.it\/es\/#organization\",\"name\":\"B&B Dental\",\"url\":\"https:\/\/bebdental.it\/es\/\",\"logo\":{\"@type\":\"ImageObject\",\"inLanguage\":\"es\",\"@id\":\"https:\/\/bebdental.it\/es\/#\/schema\/logo\/image\/\",\"url\":\"https:\/\/bebdental.it\/wp-content\/uploads\/2024\/01\/Logo-Black.jpg\",\"contentUrl\":\"https:\/\/bebdental.it\/wp-content\/uploads\/2024\/01\/Logo-Black.jpg\",\"width\":599,\"height\":771,\"caption\":\"B&B Dental\"},\"image\":{\"@id\":\"https:\/\/bebdental.it\/es\/#\/schema\/logo\/image\/\"},\"sameAs\":[\"https:\/\/www.facebook.com\/BeBdentalimplant\",\"https:\/\/www.instagram.com\/beb.dental\/\",\"https:\/\/it.linkedin.com\/company\/b&b-dental\",\"https:\/\/www.youtube.com\/user\/BeBDental\/videos\"]}]}<\/script>\n<!-- \/ Yoast SEO plugin. -->","yoast_head_json":{"title":"Informaci\u00f3n a clientes y proveedores - B&amp;B Dental","description":"Lea nuestra Nota informativa actualizada para conocer toda la informaci\u00f3n relativa a clientes y proveedores.","robots":{"index":"index","follow":"follow","max-snippet":"max-snippet:-1","max-image-preview":"max-image-preview:large","max-video-preview":"max-video-preview:-1"},"canonical":"https:\/\/bebdental.it\/es\/informacion-clientes-proveedores\/","og_locale":"es_ES","og_type":"article","og_title":"Informaci\u00f3n a clientes y proveedores - B&amp;B Dental","og_description":"Lea nuestra Nota informativa actualizada para conocer toda la informaci\u00f3n relativa a clientes y proveedores.","og_url":"https:\/\/bebdental.it\/es\/informacion-clientes-proveedores\/","og_site_name":"B&amp;B Dental","article_publisher":"https:\/\/www.facebook.com\/BeBdentalimplant","article_modified_time":"2024-09-24T11:19:19+00:00","og_image":[{"width":1920,"height":1280,"url":"https:\/\/bebdental.it\/wp-content\/uploads\/2023\/12\/home-bg.jpg","type":"image\/jpeg"}],"twitter_card":"summary_large_image","twitter_misc":{"Tiempo de lectura":"7 minutos"},"schema":{"@context":"https:\/\/schema.org","@graph":[{"@type":"WebPage","@id":"https:\/\/bebdental.it\/es\/informacion-clientes-proveedores\/","url":"https:\/\/bebdental.it\/es\/informacion-clientes-proveedores\/","name":"Informaci\u00f3n a clientes y proveedores - B&amp;B Dental","isPartOf":{"@id":"https:\/\/bebdental.it\/es\/#website"},"datePublished":"2024-09-24T11:11:05+00:00","dateModified":"2024-09-24T11:19:19+00:00","description":"Lea nuestra Nota informativa actualizada para conocer toda la informaci\u00f3n relativa a clientes y proveedores.","inLanguage":"es","potentialAction":[{"@type":"ReadAction","target":["https:\/\/bebdental.it\/es\/informacion-clientes-proveedores\/"]}]},{"@type":"WebSite","@id":"https:\/\/bebdental.it\/es\/#website","url":"https:\/\/bebdental.it\/es\/","name":"B&B Dental","description":"Impianti Dentali e Implantologia | Bologna","publisher":{"@id":"https:\/\/bebdental.it\/es\/#organization"},"alternateName":"B&B Dental","potentialAction":[{"@type":"SearchAction","target":{"@type":"EntryPoint","urlTemplate":"https:\/\/bebdental.it\/es\/?s={search_term_string}"},"query-input":{"@type":"PropertyValueSpecification","valueRequired":true,"valueName":"search_term_string"}}],"inLanguage":"es"},{"@type":"Organization","@id":"https:\/\/bebdental.it\/es\/#organization","name":"B&B Dental","url":"https:\/\/bebdental.it\/es\/","logo":{"@type":"ImageObject","inLanguage":"es","@id":"https:\/\/bebdental.it\/es\/#\/schema\/logo\/image\/","url":"https:\/\/bebdental.it\/wp-content\/uploads\/2024\/01\/Logo-Black.jpg","contentUrl":"https:\/\/bebdental.it\/wp-content\/uploads\/2024\/01\/Logo-Black.jpg","width":599,"height":771,"caption":"B&B Dental"},"image":{"@id":"https:\/\/bebdental.it\/es\/#\/schema\/logo\/image\/"},"sameAs":["https:\/\/www.facebook.com\/BeBdentalimplant","https:\/\/www.instagram.com\/beb.dental\/","https:\/\/it.linkedin.com\/company\/b&b-dental","https:\/\/www.youtube.com\/user\/BeBDental\/videos"]}]}},"_links":{"self":[{"href":"https:\/\/bebdental.it\/es\/wp-json\/wp\/v2\/pages\/4771","targetHints":{"allow":["GET"]}}],"collection":[{"href":"https:\/\/bebdental.it\/es\/wp-json\/wp\/v2\/pages"}],"about":[{"href":"https:\/\/bebdental.it\/es\/wp-json\/wp\/v2\/types\/page"}],"author":[{"embeddable":true,"href":"https:\/\/bebdental.it\/es\/wp-json\/wp\/v2\/users\/1"}],"replies":[{"embeddable":true,"href":"https:\/\/bebdental.it\/es\/wp-json\/wp\/v2\/comments?post=4771"}],"version-history":[{"count":0,"href":"https:\/\/bebdental.it\/es\/wp-json\/wp\/v2\/pages\/4771\/revisions"}],"wp:attachment":[{"href":"https:\/\/bebdental.it\/es\/wp-json\/wp\/v2\/media?parent=4771"}],"curies":[{"name":"wp","href":"https:\/\/api.w.org\/{rel}","templated":true}]}}